{"id":20997,"date":"2026-05-02T14:59:46","date_gmt":"2026-05-02T12:59:46","guid":{"rendered":"https:\/\/www.lecomptoirdumiel.com\/?post_type=product&#038;p=20997"},"modified":"2026-05-02T15:00:57","modified_gmt":"2026-05-02T13:00:57","slug":"miel-de-coriandre","status":"publish","type":"product","link":"https:\/\/www.lecomptoirdumiel.com\/en\/produit\/miel-de-coriandre\/","title":{"rendered":"Miel de Coriandre"},"content":{"rendered":"<p>A l\u2019\u00e9tat naturel, la <a href=\"https:\/\/www.gerbeaud.com\/jardin\/fiches\/coriandre.php\" target=\"_blank\" rel=\"noopener\"><strong>coriandre<\/strong> <\/a>pr\u00e9sente diff\u00e9rentes saveurs selon les parties consomm\u00e9es : les feuilles ont un go\u00fbt l\u00e9g\u00e8rement anis\u00e9 tandis que les graines ont une saveur beaucoup plus sucr\u00e9e, douce l\u00e9g\u00e8rement orang\u00e9e. Enfin, les racines ont un ar\u00f4me tr\u00e8s intense.<br \/>\nLa coriandre est probablement originaire du Proche-Orient ou du Sud de l&#8217;Europe et s&#8217;est propag\u00e9e tr\u00e8s t\u00f4t \u00e0 travers l&#8217;Ancien Monde . Elle est aujourd&#8217;hui cultiv\u00e9e un peu partout sur la plan\u00e8te, principalement dans l&#8217;h\u00e9misph\u00e8re nord. Elle a \u00e9t\u00e9 d\u00e9crite comme une plante sauvage partout dans le monde. Toutefois il peut s\u2019agir de plantes \u00e9chapp\u00e9es de cultures il y a plus ou moins longtemps : Elle pousse jusqu\u2019\u00e0 2200 m\u00e8tres d\u2019altitude .<\/p>\n<p>En <a href=\"https:\/\/www.lecomptoirdumiel.com\/du-miel-dans-votre-cuisine\/\"><strong>cuisine<\/strong><\/a>, la coriandre est un ingr\u00e9dient polyvalent qui ajoute de la fra\u00eecheur et de la saveur \u00e0 de nombreux plats. Elle est couramment utilis\u00e9e dans la cuisine <strong>indienne<\/strong>, mexicaine, tha\u00eflandaise, m\u00e9diterran\u00e9enne et de nombreuses autres cuisines du monde.<br \/>\nOn utilise les feuilles fra\u00eeches pour donner une donner une saveur fra\u00eeche et <a href=\"https:\/\/www.lecomptoirdumiel.com\/produit\/miel-de-citronnier-au-gout-acidule\/\"><strong>citronn\u00e9e<\/strong><\/a>. De plus les feuilles sont riches en vitamine K et contiennent du b\u00eata-carot\u00e8ne, reconnu pour les bienfaits sur la vue.<br \/>\nLes graines ont une saveur plus douce avec un l\u00e9ger go\u00fbt <a href=\"https:\/\/www.lecomptoirdumiel.com\/produit\/miel-d-oranger_floral-et-parfume\/\"><strong>d\u2019agrume<\/strong><\/a>. Elles sont utilis\u00e9es broy\u00e9es afin de faire d\u00e9gager leur odeur.<br \/>\nQuant aux racines, elles sont plus utilis\u00e9es en Asie qu\u2019en Europe. Elles entrent dans de nombreux plats avec le curry.<\/p>\n<p>Le <strong>miel de coriandre<\/strong> peut agr\u00e9menter la plupart des plats <a href=\"https:\/\/www.lecomptoirdumiel.com\/produit\/miel-et-curcuma\/\"><strong>traditionnels<\/strong> <\/a>.\u00a0Il est moins courant que d&#8217;autres types de miel aromatis\u00e9. Cependant, il peut \u00eatre une d\u00e9couverte int\u00e9ressante pour les amateurs de saveurs uniques !\u00a0 Ainsi que pour ceux qui aiment exp\u00e9rimenter en cuisine. C&#8217;est donc un miel id\u00e9al en cuisine !<\/p>\n<h2>Le go\u00fbt du miel de coriandre\u00a0 :<\/h2>\n<p>Le miel de coriandre a une saveur caract\u00e9ristique qui est influenc\u00e9e par les compos\u00e9s aromatiques pr\u00e9sents dans les fleurs de coriandre. Il a tendance \u00e0 \u00eatre doux avec des notes subtiles d&#8217;agrumes et d&#8217;\u00e9pices, ce qui le rend unique par rapport \u00e0 d&#8217;autres vari\u00e9t\u00e9s de miel<\/p>\n<p>La couleur du miel de coriandre est fonc\u00e9e, tirant sur le rouge lorsqu\u2019il est liquide. A l\u2019\u00e9tat de cristallisation, il sera jaune-orang\u00e9. Comme beaucoup de miel, sa saveur est bien plus marqu\u00e9e liquide ! Il ne laisse pas indiff\u00e9rent : en effet, son go\u00fbt se rapproche d\u2019un <strong>miel d\u2019agrume<\/strong>, en bien plus marqu\u00e9. Contrairement \u00e0 la feuille, son odeur est agr\u00e9able et franche.<\/p>\n<h2>Les bienfaits du miel de coriandre\u00a0 :<\/h2>\n<p>Le miel de coriandre est r\u00e9put\u00e9 agir sur la digestion et les naus\u00e9es. Il am\u00e9liorerait \u00e9galement la circulation sanguine. On trouverait dans le miel de coriandre une forte pr\u00e9sence de sels min\u00e9raux tels que le fer, le mangan\u00e8se et le cuivre. Il a donc une action curative reconnue ! La coriandre \u00e9tait consid\u00e9r\u00e9e dans l\u2019antiquit\u00e9 comme aphrodisiaque.<\/p>\n<p>Le Saviez-vous ?<\/p>\n<p>Selon <a href=\"https:\/\/www.unilasalle.fr\/mini-cv\/philippe-pouillart\" target=\"_blank\" rel=\"noopener\"><strong>Philippe Pouillard,<\/strong><\/a> entre 15 et 25 % de la population d\u00e9teste l&#8217;odeur et le go\u00fbt de la coriandre. Cette sensation est due \u00e0 une <strong>d\u00e9faillance<\/strong> du g\u00e8ne OR6A2, qui contr\u00f4le la sensibilit\u00e9 aux ald\u00e9hydes et donne un go\u00fbt de savon \u00e0 l&#8217;aliment.<\/p>\n","protected":false},"excerpt":{"rendered":"<p>Condens\u00e9 de saveurs agr\u00e9ables, notre miel monofloral de Coriandre artisanal r\u00e9serve bien des sensations diff\u00e9rentes selon les palais et s\u00e9duira les amateurs de miels floraux et aromatiques comme la lavande. Extr\u00eamement parfum\u00e9, provenant d\u2019une terre de richesse exceptionnellement pr\u00e9serv\u00e9e en Aragon , notre miel de coriandre est une gourmande d\u00e9couverte gustative qui r\u00e9unit en une seule bouch\u00e9e toutes les saveurs diff\u00e9rentes de la plante en elle-m\u00eame. Le go\u00fbt tr\u00e8s agr\u00e9able et \u00e9pic\u00e9 du miel de coriandre, ne rappellera pas du tout celui de la feuille que l\u2019on a pour habitude d\u2019utiliser en cuisine, mais apportera en fin de bouche une note l\u00e9g\u00e8rement \u00e9pic\u00e9e tr\u00e8s int\u00e9ressante.<\/p>\n<ul>\n<li><strong>Utilisation :<\/strong> Agr\u00e9ment culinaire, Bien-\u00eatre g\u00e9n\u00e9ral<\/li>\n<li><strong>Origine :<\/strong> Miels d&#8217;Europe<\/li>\n<li><strong>Pays de provenance :<\/strong> Espagne<\/li>\n<li><strong>Saveur :<\/strong> Miels floraux et aromatiques<\/li>\n<li><strong>Ar\u00f4me :<\/strong> \u00c9pic\u00e9, Floral<\/li>\n<li><strong>Intensit\u00e9 :<\/strong> Intense<\/li>\n<\/ul>\n","protected":false},"featured_media":9238,"comment_status":"open","ping_status":"closed","template":"","meta":{"jetpack_publicize_message":"","jetpack_publicize_feature_enabled":true,"jetpack_social_post_already_shared":true,"jetpack_social_options":{"image_generator_settings":{"template":"highway","default_image_id":0,"font":"","enabled":false},"version":2}},"product_brand":[],"product_cat":[177,175,179,164,165,170,172,173,162,113,169],"product_tag":[],"class_list":{"0":"post-20997","1":"product","2":"type-product","3":"status-publish","4":"has-post-thumbnail","6":"product_cat-arome","7":"product_cat-miels-pays-voisins","8":"product_cat-miels-floraux-aromatiques","9":"product_cat-miels-insolites","10":"product_cat-miels-monofloraux","11":"product_cat-agrements-culinaires","12":"product_cat-bien-etre-general","13":"product_cat-origine","14":"product_cat-tous-nos-miels","15":"product_cat-type-de-miel","16":"product_cat-utilisation","18":"first","19":"instock","20":"featured","21":"taxable","22":"shipping-taxable","23":"purchasable","24":"product-type-variable"},"yoast_head":"<!-- This site is optimized with the Yoast SEO plugin v27.4 - https:\/\/yoast.com\/product\/yoast-seo-wordpress\/ -->\n<title>Miel de Coriandre| Lecomptoirdumiel.com<\/title>\n<meta name=\"description\" content=\"le miel de Coriandre au go\u00fbt original, l\u00e9g\u00e8rement \u00e9pic\u00e9 est une d\u00e9couverte gustative \u00e0 ne pas manquer. Nature ou m\u00e9lang\u00e9, il est id\u00e9al en cuisine.\" \/>\n<meta name=\"robots\" content=\"index, follow, max-snippet:-1, max-image-preview:large, max-video-preview:-1\" \/>\n<link rel=\"canonical\" href=\"https:\/\/www.lecomptoirdumiel.com\/en\/produit\/miel-de-coriandre\/\" \/>\n<meta property=\"og:locale\" content=\"en_US\" \/>\n<meta property=\"og:type\" content=\"article\" \/>\n<meta property=\"og:title\" content=\"Miel de Coriandre| Lecomptoirdumiel.com\" \/>\n<meta property=\"og:description\" content=\"le miel de Coriandre au go\u00fbt original, l\u00e9g\u00e8rement \u00e9pic\u00e9 est une d\u00e9couverte gustative \u00e0 ne pas manquer. Nature ou m\u00e9lang\u00e9, il est id\u00e9al en cuisine.\" \/>\n<meta property=\"og:url\" content=\"https:\/\/www.lecomptoirdumiel.com\/en\/produit\/miel-de-coriandre\/\" \/>\n<meta property=\"og:site_name\" content=\"Le Comptoir du Miel\" \/>\n<meta property=\"article:modified_time\" content=\"2026-05-02T13:00:57+00:00\" \/>\n<meta property=\"og:image\" content=\"https:\/\/www.lecomptoirdumiel.com\/wp-content\/uploads\/2020\/01\/miel-coriandre-1.png\" \/>\n\t<meta property=\"og:image:width\" content=\"450\" \/>\n\t<meta property=\"og:image:height\" content=\"600\" \/>\n\t<meta property=\"og:image:type\" content=\"image\/png\" \/>\n<meta name=\"twitter:card\" content=\"summary_large_image\" \/>\n<script type=\"application\/ld+json\" class=\"yoast-schema-graph\">{\"@context\":\"https:\\\/\\\/schema.org\",\"@graph\":[{\"@type\":\"WebPage\",\"@id\":\"https:\\\/\\\/www.lecomptoirdumiel.com\\\/en\\\/produit\\\/miel-de-coriandre\\\/\",\"url\":\"https:\\\/\\\/www.lecomptoirdumiel.com\\\/en\\\/produit\\\/miel-de-coriandre\\\/\",\"name\":\"Miel de Coriandre| Lecomptoirdumiel.com\",\"isPartOf\":{\"@id\":\"https:\\\/\\\/www.lecomptoirdumiel.com\\\/en\\\/#website\"},\"primaryImageOfPage\":{\"@id\":\"https:\\\/\\\/www.lecomptoirdumiel.com\\\/en\\\/produit\\\/miel-de-coriandre\\\/#primaryimage\"},\"image\":{\"@id\":\"https:\\\/\\\/www.lecomptoirdumiel.com\\\/en\\\/produit\\\/miel-de-coriandre\\\/#primaryimage\"},\"thumbnailUrl\":\"https:\\\/\\\/www.lecomptoirdumiel.com\\\/wp-content\\\/uploads\\\/2020\\\/01\\\/miel-coriandre-1.png\",\"datePublished\":\"2026-05-02T12:59:46+00:00\",\"dateModified\":\"2026-05-02T13:00:57+00:00\",\"description\":\"le miel de Coriandre au go\u00fbt original, l\u00e9g\u00e8rement \u00e9pic\u00e9 est une d\u00e9couverte gustative \u00e0 ne pas manquer. Nature ou m\u00e9lang\u00e9, il est id\u00e9al en cuisine.\",\"breadcrumb\":{\"@id\":\"https:\\\/\\\/www.lecomptoirdumiel.com\\\/en\\\/produit\\\/miel-de-coriandre\\\/#breadcrumb\"},\"inLanguage\":\"en-US\",\"potentialAction\":[{\"@type\":\"ReadAction\",\"target\":[\"https:\\\/\\\/www.lecomptoirdumiel.com\\\/en\\\/produit\\\/miel-de-coriandre\\\/\"]}]},{\"@type\":\"ImageObject\",\"inLanguage\":\"en-US\",\"@id\":\"https:\\\/\\\/www.lecomptoirdumiel.com\\\/en\\\/produit\\\/miel-de-coriandre\\\/#primaryimage\",\"url\":\"https:\\\/\\\/www.lecomptoirdumiel.com\\\/wp-content\\\/uploads\\\/2020\\\/01\\\/miel-coriandre-1.png\",\"contentUrl\":\"https:\\\/\\\/www.lecomptoirdumiel.com\\\/wp-content\\\/uploads\\\/2020\\\/01\\\/miel-coriandre-1.png\",\"width\":450,\"height\":600,\"caption\":\"Coriander honey, Comptoir du Miel\"},{\"@type\":\"BreadcrumbList\",\"@id\":\"https:\\\/\\\/www.lecomptoirdumiel.com\\\/en\\\/produit\\\/miel-de-coriandre\\\/#breadcrumb\",\"itemListElement\":[{\"@type\":\"ListItem\",\"position\":1,\"name\":\"Accueil\",\"item\":\"https:\\\/\\\/www.lecomptoirdumiel.com\\\/en\\\/home\\\/\"},{\"@type\":\"ListItem\",\"position\":2,\"name\":\"Shop\",\"item\":\"https:\\\/\\\/www.lecomptoirdumiel.com\\\/en\\\/shop\\\/\"},{\"@type\":\"ListItem\",\"position\":3,\"name\":\"Miel de Coriandre\"}]},{\"@type\":\"WebSite\",\"@id\":\"https:\\\/\\\/www.lecomptoirdumiel.com\\\/en\\\/#website\",\"url\":\"https:\\\/\\\/www.lecomptoirdumiel.com\\\/en\\\/\",\"name\":\"Le Comptoir du Miel\",\"description\":\"Miels sauvages de France et du monde depuis 1987\",\"publisher\":{\"@id\":\"https:\\\/\\\/www.lecomptoirdumiel.com\\\/en\\\/#organization\"},\"potentialAction\":[{\"@type\":\"SearchAction\",\"target\":{\"@type\":\"EntryPoint\",\"urlTemplate\":\"https:\\\/\\\/www.lecomptoirdumiel.com\\\/en\\\/?s={search_term_string}\"},\"query-input\":{\"@type\":\"PropertyValueSpecification\",\"valueRequired\":true,\"valueName\":\"search_term_string\"}}],\"inLanguage\":\"en-US\"},{\"@type\":\"Organization\",\"@id\":\"https:\\\/\\\/www.lecomptoirdumiel.com\\\/en\\\/#organization\",\"name\":\"Le Comptoir du Miel\",\"url\":\"https:\\\/\\\/www.lecomptoirdumiel.com\\\/en\\\/\",\"logo\":{\"@type\":\"ImageObject\",\"inLanguage\":\"en-US\",\"@id\":\"https:\\\/\\\/www.lecomptoirdumiel.com\\\/en\\\/#\\\/schema\\\/logo\\\/image\\\/\",\"url\":\"https:\\\/\\\/www.lecomptoirdumiel.com\\\/wp-content\\\/uploads\\\/2021\\\/11\\\/logo-site.svg\",\"contentUrl\":\"https:\\\/\\\/www.lecomptoirdumiel.com\\\/wp-content\\\/uploads\\\/2021\\\/11\\\/logo-site.svg\",\"width\":350,\"height\":100,\"caption\":\"Le Comptoir du Miel\"},\"image\":{\"@id\":\"https:\\\/\\\/www.lecomptoirdumiel.com\\\/en\\\/#\\\/schema\\\/logo\\\/image\\\/\"}}]}<\/script>\n<!-- \/ Yoast SEO plugin. -->","yoast_head_json":{"title":"Miel de Coriandre| Lecomptoirdumiel.com","description":"le miel de Coriandre au go\u00fbt original, l\u00e9g\u00e8rement \u00e9pic\u00e9 est une d\u00e9couverte gustative \u00e0 ne pas manquer. Nature ou m\u00e9lang\u00e9, il est id\u00e9al en cuisine.","robots":{"index":"index","follow":"follow","max-snippet":"max-snippet:-1","max-image-preview":"max-image-preview:large","max-video-preview":"max-video-preview:-1"},"canonical":"https:\/\/www.lecomptoirdumiel.com\/en\/produit\/miel-de-coriandre\/","og_locale":"en_US","og_type":"article","og_title":"Miel de Coriandre| Lecomptoirdumiel.com","og_description":"le miel de Coriandre au go\u00fbt original, l\u00e9g\u00e8rement \u00e9pic\u00e9 est une d\u00e9couverte gustative \u00e0 ne pas manquer. Nature ou m\u00e9lang\u00e9, il est id\u00e9al en cuisine.","og_url":"https:\/\/www.lecomptoirdumiel.com\/en\/produit\/miel-de-coriandre\/","og_site_name":"Le Comptoir du Miel","article_modified_time":"2026-05-02T13:00:57+00:00","og_image":[{"width":450,"height":600,"url":"https:\/\/www.lecomptoirdumiel.com\/wp-content\/uploads\/2020\/01\/miel-coriandre-1.png","type":"image\/png"}],"twitter_card":"summary_large_image","schema":{"@context":"https:\/\/schema.org","@graph":[{"@type":"WebPage","@id":"https:\/\/www.lecomptoirdumiel.com\/en\/produit\/miel-de-coriandre\/","url":"https:\/\/www.lecomptoirdumiel.com\/en\/produit\/miel-de-coriandre\/","name":"Miel de Coriandre| Lecomptoirdumiel.com","isPartOf":{"@id":"https:\/\/www.lecomptoirdumiel.com\/en\/#website"},"primaryImageOfPage":{"@id":"https:\/\/www.lecomptoirdumiel.com\/en\/produit\/miel-de-coriandre\/#primaryimage"},"image":{"@id":"https:\/\/www.lecomptoirdumiel.com\/en\/produit\/miel-de-coriandre\/#primaryimage"},"thumbnailUrl":"https:\/\/www.lecomptoirdumiel.com\/wp-content\/uploads\/2020\/01\/miel-coriandre-1.png","datePublished":"2026-05-02T12:59:46+00:00","dateModified":"2026-05-02T13:00:57+00:00","description":"le miel de Coriandre au go\u00fbt original, l\u00e9g\u00e8rement \u00e9pic\u00e9 est une d\u00e9couverte gustative \u00e0 ne pas manquer. Nature ou m\u00e9lang\u00e9, il est id\u00e9al en cuisine.","breadcrumb":{"@id":"https:\/\/www.lecomptoirdumiel.com\/en\/produit\/miel-de-coriandre\/#breadcrumb"},"inLanguage":"en-US","potentialAction":[{"@type":"ReadAction","target":["https:\/\/www.lecomptoirdumiel.com\/en\/produit\/miel-de-coriandre\/"]}]},{"@type":"ImageObject","inLanguage":"en-US","@id":"https:\/\/www.lecomptoirdumiel.com\/en\/produit\/miel-de-coriandre\/#primaryimage","url":"https:\/\/www.lecomptoirdumiel.com\/wp-content\/uploads\/2020\/01\/miel-coriandre-1.png","contentUrl":"https:\/\/www.lecomptoirdumiel.com\/wp-content\/uploads\/2020\/01\/miel-coriandre-1.png","width":450,"height":600,"caption":"Coriander honey, Comptoir du Miel"},{"@type":"BreadcrumbList","@id":"https:\/\/www.lecomptoirdumiel.com\/en\/produit\/miel-de-coriandre\/#breadcrumb","itemListElement":[{"@type":"ListItem","position":1,"name":"Accueil","item":"https:\/\/www.lecomptoirdumiel.com\/en\/home\/"},{"@type":"ListItem","position":2,"name":"Shop","item":"https:\/\/www.lecomptoirdumiel.com\/en\/shop\/"},{"@type":"ListItem","position":3,"name":"Miel de Coriandre"}]},{"@type":"WebSite","@id":"https:\/\/www.lecomptoirdumiel.com\/en\/#website","url":"https:\/\/www.lecomptoirdumiel.com\/en\/","name":"Le Comptoir du Miel","description":"Miels sauvages de France et du monde depuis 1987","publisher":{"@id":"https:\/\/www.lecomptoirdumiel.com\/en\/#organization"},"potentialAction":[{"@type":"SearchAction","target":{"@type":"EntryPoint","urlTemplate":"https:\/\/www.lecomptoirdumiel.com\/en\/?s={search_term_string}"},"query-input":{"@type":"PropertyValueSpecification","valueRequired":true,"valueName":"search_term_string"}}],"inLanguage":"en-US"},{"@type":"Organization","@id":"https:\/\/www.lecomptoirdumiel.com\/en\/#organization","name":"Le Comptoir du Miel","url":"https:\/\/www.lecomptoirdumiel.com\/en\/","logo":{"@type":"ImageObject","inLanguage":"en-US","@id":"https:\/\/www.lecomptoirdumiel.com\/en\/#\/schema\/logo\/image\/","url":"https:\/\/www.lecomptoirdumiel.com\/wp-content\/uploads\/2021\/11\/logo-site.svg","contentUrl":"https:\/\/www.lecomptoirdumiel.com\/wp-content\/uploads\/2021\/11\/logo-site.svg","width":350,"height":100,"caption":"Le Comptoir du Miel"},"image":{"@id":"https:\/\/www.lecomptoirdumiel.com\/en\/#\/schema\/logo\/image\/"}}]}},"jetpack_publicize_connections":[],"jetpack_sharing_enabled":true,"jetpack_likes_enabled":false,"_links":{"self":[{"href":"https:\/\/www.lecomptoirdumiel.com\/en\/wp-json\/wp\/v2\/product\/20997","targetHints":{"allow":["GET"]}}],"collection":[{"href":"https:\/\/www.lecomptoirdumiel.com\/en\/wp-json\/wp\/v2\/product"}],"about":[{"href":"https:\/\/www.lecomptoirdumiel.com\/en\/wp-json\/wp\/v2\/types\/product"}],"replies":[{"embeddable":true,"href":"https:\/\/www.lecomptoirdumiel.com\/en\/wp-json\/wp\/v2\/comments?post=20997"}],"wp:featuredmedia":[{"embeddable":true,"href":"https:\/\/www.lecomptoirdumiel.com\/en\/wp-json\/wp\/v2\/media\/9238"}],"wp:attachment":[{"href":"https:\/\/www.lecomptoirdumiel.com\/en\/wp-json\/wp\/v2\/media?parent=20997"}],"wp:term":[{"taxonomy":"product_brand","embeddable":true,"href":"https:\/\/www.lecomptoirdumiel.com\/en\/wp-json\/wp\/v2\/product_brand?post=20997"},{"taxonomy":"product_cat","embeddable":true,"href":"https:\/\/www.lecomptoirdumiel.com\/en\/wp-json\/wp\/v2\/product_cat?post=20997"},{"taxonomy":"product_tag","embeddable":true,"href":"https:\/\/www.lecomptoirdumiel.com\/en\/wp-json\/wp\/v2\/product_tag?post=20997"}],"curies":[{"name":"wp","href":"https:\/\/api.w.org\/{rel}","templated":true}]}}