{"id":20396,"date":"2026-02-15T11:25:02","date_gmt":"2026-02-15T10:25:02","guid":{"rendered":"https:\/\/www.lecomptoirdumiel.com\/?post_type=product&#038;p=20396"},"modified":"2026-04-07T17:12:28","modified_gmt":"2026-04-07T15:12:28","slug":"miel-de-thym-de-crete-aux-multiples-proprietes","status":"publish","type":"product","link":"https:\/\/www.lecomptoirdumiel.com\/en\/produit\/miel-de-thym-de-crete-aux-multiples-proprietes\/","title":{"rendered":"Miel de Thym de Cr\u00e8te"},"content":{"rendered":"<div class=\"row\">\n<h2>La Cr\u00e8te et son miel de Thym :<\/h2>\n<p>La Cr\u00e8te est la plus grande \u00eele de Gr\u00e8ce et la cinqui\u00e8me plus grande de la mer M\u00e9diterran\u00e9e. Situ\u00e9e entre la mer \u00c9g\u00e9e et la mer Libyenne, elle offre un m\u00e9lange spectaculaire de montagnes, de plages paradisiaques et de vestiges antiques.<\/p>\n<p>Notre miel de thym cr\u00e9tois est r\u00e9colt\u00e9 dans les montagnes blanches (Lefka Ori), qui constituent l\u2019un des plus importants massif montagneux de la Cr\u00e8te.<\/p>\n<p>Ce massif se situe \u00e0 l\u2019Ouest de la Cr\u00e8te dans la r\u00e9gion de CHANIA (La Can\u00e9e) dont le point culminant s\u2019\u00e9l\u00e8ve \u00e0 2450 m\u00e8tres.<\/p>\n<p>Mais ce n\u2019est pas \u00e0 cette altitude qu\u2019est r\u00e9colt\u00e9 notre miel de thym\u00a0!<\/p>\n<p>Gr\u00e2ce \u00e0 notre collaboration \u00e9troite , nous pouvons cette ann\u00e9e proposer ce miel de thym d\u2019une saveur gustative exceptionnelle.<\/p>\n<p>Son go\u00fbt se reconna\u00eet entre mille m\u00eame compar\u00e9 \u00e0 son<a href=\"https:\/\/www.lecomptoirdumiel.com\/produit\/miel-de-thym-grec\/\"> homologue grec.<\/a><\/p>\n<p>Sa consistance est plus s\u00e8che, mais son ar\u00f4me se ressent profond\u00e9ment !<\/p>\n<h2>Les propri\u00e9t\u00e9s du miel de thym de Cr\u00e8te :<\/h2>\n<p>Pour les Cr\u00e9tois, bien \u00e9videmment, c\u2019est le meilleur miel au monde\u00a0! Apr\u00e8s le miel de <a href=\"https:\/\/www.lecomptoirdumiel.com\/produit\/miel-de-the-des-montagnes-malotira-de-crete\/\">Malotira<\/a> bien entendu\u00a0!<\/p>\n<p>Le miel de thym de Cr\u00e8te soigne tous les maux :<\/p>\n<p>Il soulage les br\u00fblures \u00e0 m\u00eame la peau, et cicatrise les plaies, m\u00eame ouvertes.<\/p>\n<p>Il calme la toux et soulage les bronches. Par cons\u00e9quent , il est consid\u00e9r\u00e9 comme un antiseptique puissant et est utilis\u00e9 tous les jours dans la cuisine cr\u00e9toise, souvent m\u00e9lang\u00e9 \u00e0 l\u2019huile d\u2019olive.<\/p>\n<h2>Le saviez-vous ?<\/h2>\n<p>Il existe plus d&#8217;une centaine de vari\u00e9t\u00e9s de <a href=\"https:\/\/www.lecomptoirdumiel.com\/produit\/miel-de-thym-rose-recolte-au-moncayo\/\">thym<\/a> sur notre plan\u00e8te. Par cons\u00e9quent, tous les miels de thym auront une sensation gustative unique.<\/p>\n<\/div>\n","protected":false},"excerpt":{"rendered":"<p><strong>Notre miel de thym de Cr\u00e8te est une invitation \u00e0 un voyage au c\u0153ur de cette \u00eele magnifique qu&#8217;est la Cr\u00e8te.\u00a0 Paradis terrestre au riche \u00e9cosyst\u00e8me, la Cr\u00e8te est l&#8217;endroit id\u00e9al pour les apiculteurs !<\/strong><\/p>\n<p><strong>Notre miel de thym cr\u00e9tois \u00e0 la saveur si atypique par sa richesse est un miel d\u2019Europe \u00e0 d\u00e9couvrir absolument ! Une d\u00e9licate et persistante odeur, aux ar\u00f4mes particuliers et diff\u00e9rents, que l\u2019on pourrait parfois apparenter \u00e0 un m\u00e9lange de verveine et de citron, vous parvient au d\u00e9tour d\u2019un chemin. R\u00e9colte 2025<\/strong><\/p>\n<ul>\n<li><strong>Utilisation : Agr\u00e9ment culinaire, Bien-\u00eatre g\u00e9n\u00e9ral<\/strong><\/li>\n<li><strong>Origine : Miels d&#8217;Europe<\/strong><\/li>\n<li><strong>Pays de provenance : GR\u00c8CE, Cr\u00e8te<\/strong><\/li>\n<li><strong>Saveur : Miels floraux et aromatiques<\/strong><\/li>\n<li><strong>Ar\u00f4me : Atypique, Floral, Fruit\u00e9<\/strong><\/li>\n<li><strong>Intensit\u00e9 : Parfum\u00e9<\/strong><\/li>\n<\/ul>\n","protected":false},"featured_media":20407,"comment_status":"open","ping_status":"closed","template":"","meta":{"jetpack_publicize_message":"","jetpack_publicize_feature_enabled":true,"jetpack_social_post_already_shared":true,"jetpack_social_options":{"image_generator_settings":{"template":"highway","default_image_id":0,"font":"","enabled":false},"version":2}},"product_brand":[],"product_cat":[177,175,179,164,165,170,172,173,162,113,169],"product_tag":[],"class_list":{"0":"post-20396","1":"product","2":"type-product","3":"status-publish","4":"has-post-thumbnail","6":"product_cat-arome","7":"product_cat-miels-pays-voisins","8":"product_cat-miels-floraux-aromatiques","9":"product_cat-miels-insolites","10":"product_cat-miels-monofloraux","11":"product_cat-agrements-culinaires","12":"product_cat-bien-etre-general","13":"product_cat-origine","14":"product_cat-tous-nos-miels","15":"product_cat-type-de-miel","16":"product_cat-utilisation","18":"first","19":"instock","20":"featured","21":"taxable","22":"shipping-taxable","23":"purchasable","24":"product-type-variable"},"yoast_head":"<!-- This site is optimized with the Yoast SEO plugin v27.2 - https:\/\/yoast.com\/product\/yoast-seo-wordpress\/ -->\n<title>Miel de thym de Cr\u00e8te | Lecomptoirdumiel.com<\/title>\n<meta name=\"description\" content=\"Notre miel de thym de Cr\u00e8te est r\u00e9colt\u00e9 dans la r\u00e9gion de Chania dans la partie ouest de la Cr\u00e8te. C&#039;est un miel aux qualit\u00e9s gustatives exceptionnelles !\" \/>\n<meta name=\"robots\" content=\"index, follow, max-snippet:-1, max-image-preview:large, max-video-preview:-1\" \/>\n<link rel=\"canonical\" href=\"https:\/\/www.lecomptoirdumiel.com\/en\/produit\/miel-de-thym-de-crete-aux-multiples-proprietes\/\" \/>\n<meta property=\"og:locale\" content=\"en_US\" \/>\n<meta property=\"og:type\" content=\"article\" \/>\n<meta property=\"og:title\" content=\"Miel de thym de Cr\u00e8te | Lecomptoirdumiel.com\" \/>\n<meta property=\"og:description\" content=\"Notre miel de thym de Cr\u00e8te est r\u00e9colt\u00e9 dans la r\u00e9gion de Chania dans la partie ouest de la Cr\u00e8te. C&#039;est un miel aux qualit\u00e9s gustatives exceptionnelles !\" \/>\n<meta property=\"og:url\" content=\"https:\/\/www.lecomptoirdumiel.com\/en\/produit\/miel-de-thym-de-crete-aux-multiples-proprietes\/\" \/>\n<meta property=\"og:site_name\" content=\"Le Comptoir du Miel\" \/>\n<meta property=\"article:modified_time\" content=\"2026-04-07T15:12:28+00:00\" \/>\n<meta property=\"og:image\" content=\"https:\/\/www.lecomptoirdumiel.com\/wp-content\/uploads\/2026\/02\/miel_crete.png\" \/>\n\t<meta property=\"og:image:width\" content=\"450\" \/>\n\t<meta property=\"og:image:height\" content=\"600\" \/>\n\t<meta property=\"og:image:type\" content=\"image\/png\" \/>\n<meta name=\"twitter:card\" content=\"summary_large_image\" \/>\n<script type=\"application\/ld+json\" class=\"yoast-schema-graph\">{\"@context\":\"https:\/\/schema.org\",\"@graph\":[{\"@type\":\"WebPage\",\"@id\":\"https:\/\/www.lecomptoirdumiel.com\/en\/produit\/miel-de-thym-de-crete-aux-multiples-proprietes\/\",\"url\":\"https:\/\/www.lecomptoirdumiel.com\/en\/produit\/miel-de-thym-de-crete-aux-multiples-proprietes\/\",\"name\":\"Miel de thym de Cr\u00e8te | Lecomptoirdumiel.com\",\"isPartOf\":{\"@id\":\"https:\/\/www.lecomptoirdumiel.com\/en\/#website\"},\"primaryImageOfPage\":{\"@id\":\"https:\/\/www.lecomptoirdumiel.com\/en\/produit\/miel-de-thym-de-crete-aux-multiples-proprietes\/#primaryimage\"},\"image\":{\"@id\":\"https:\/\/www.lecomptoirdumiel.com\/en\/produit\/miel-de-thym-de-crete-aux-multiples-proprietes\/#primaryimage\"},\"thumbnailUrl\":\"https:\/\/www.lecomptoirdumiel.com\/wp-content\/uploads\/2026\/02\/miel_crete.png\",\"datePublished\":\"2026-02-15T10:25:02+00:00\",\"dateModified\":\"2026-04-07T15:12:28+00:00\",\"description\":\"Notre miel de thym de Cr\u00e8te est r\u00e9colt\u00e9 dans la r\u00e9gion de Chania dans la partie ouest de la Cr\u00e8te. C'est un miel aux qualit\u00e9s gustatives exceptionnelles !\",\"breadcrumb\":{\"@id\":\"https:\/\/www.lecomptoirdumiel.com\/en\/produit\/miel-de-thym-de-crete-aux-multiples-proprietes\/#breadcrumb\"},\"inLanguage\":\"en-US\",\"potentialAction\":[{\"@type\":\"ReadAction\",\"target\":[\"https:\/\/www.lecomptoirdumiel.com\/en\/produit\/miel-de-thym-de-crete-aux-multiples-proprietes\/\"]}]},{\"@type\":\"ImageObject\",\"inLanguage\":\"en-US\",\"@id\":\"https:\/\/www.lecomptoirdumiel.com\/en\/produit\/miel-de-thym-de-crete-aux-multiples-proprietes\/#primaryimage\",\"url\":\"https:\/\/www.lecomptoirdumiel.com\/wp-content\/uploads\/2026\/02\/miel_crete.png\",\"contentUrl\":\"https:\/\/www.lecomptoirdumiel.com\/wp-content\/uploads\/2026\/02\/miel_crete.png\",\"width\":450,\"height\":600,\"caption\":\"miel de thym de Cr\u00e8te, le Comptoir du Miel\"},{\"@type\":\"BreadcrumbList\",\"@id\":\"https:\/\/www.lecomptoirdumiel.com\/en\/produit\/miel-de-thym-de-crete-aux-multiples-proprietes\/#breadcrumb\",\"itemListElement\":[{\"@type\":\"ListItem\",\"position\":1,\"name\":\"Accueil\",\"item\":\"https:\/\/www.lecomptoirdumiel.com\/en\/home\/\"},{\"@type\":\"ListItem\",\"position\":2,\"name\":\"Shop\",\"item\":\"https:\/\/www.lecomptoirdumiel.com\/en\/shop\/\"},{\"@type\":\"ListItem\",\"position\":3,\"name\":\"Miel de Thym de Cr\u00e8te\"}]},{\"@type\":\"WebSite\",\"@id\":\"https:\/\/www.lecomptoirdumiel.com\/en\/#website\",\"url\":\"https:\/\/www.lecomptoirdumiel.com\/en\/\",\"name\":\"Le Comptoir du Miel\",\"description\":\"Miels sauvages de France et du monde depuis 1987\",\"publisher\":{\"@id\":\"https:\/\/www.lecomptoirdumiel.com\/en\/#organization\"},\"potentialAction\":[{\"@type\":\"SearchAction\",\"target\":{\"@type\":\"EntryPoint\",\"urlTemplate\":\"https:\/\/www.lecomptoirdumiel.com\/en\/?s={search_term_string}\"},\"query-input\":{\"@type\":\"PropertyValueSpecification\",\"valueRequired\":true,\"valueName\":\"search_term_string\"}}],\"inLanguage\":\"en-US\"},{\"@type\":\"Organization\",\"@id\":\"https:\/\/www.lecomptoirdumiel.com\/en\/#organization\",\"name\":\"Le Comptoir du Miel\",\"url\":\"https:\/\/www.lecomptoirdumiel.com\/en\/\",\"logo\":{\"@type\":\"ImageObject\",\"inLanguage\":\"en-US\",\"@id\":\"https:\/\/www.lecomptoirdumiel.com\/en\/#\/schema\/logo\/image\/\",\"url\":\"https:\/\/www.lecomptoirdumiel.com\/wp-content\/uploads\/2021\/11\/logo-site.svg\",\"contentUrl\":\"https:\/\/www.lecomptoirdumiel.com\/wp-content\/uploads\/2021\/11\/logo-site.svg\",\"width\":350,\"height\":100,\"caption\":\"Le Comptoir du Miel\"},\"image\":{\"@id\":\"https:\/\/www.lecomptoirdumiel.com\/en\/#\/schema\/logo\/image\/\"}}]}<\/script>\n<!-- \/ Yoast SEO plugin. -->","yoast_head_json":{"title":"Miel de thym de Cr\u00e8te | Lecomptoirdumiel.com","description":"Notre miel de thym de Cr\u00e8te est r\u00e9colt\u00e9 dans la r\u00e9gion de Chania dans la partie ouest de la Cr\u00e8te. C'est un miel aux qualit\u00e9s gustatives exceptionnelles !","robots":{"index":"index","follow":"follow","max-snippet":"max-snippet:-1","max-image-preview":"max-image-preview:large","max-video-preview":"max-video-preview:-1"},"canonical":"https:\/\/www.lecomptoirdumiel.com\/en\/produit\/miel-de-thym-de-crete-aux-multiples-proprietes\/","og_locale":"en_US","og_type":"article","og_title":"Miel de thym de Cr\u00e8te | Lecomptoirdumiel.com","og_description":"Notre miel de thym de Cr\u00e8te est r\u00e9colt\u00e9 dans la r\u00e9gion de Chania dans la partie ouest de la Cr\u00e8te. C'est un miel aux qualit\u00e9s gustatives exceptionnelles !","og_url":"https:\/\/www.lecomptoirdumiel.com\/en\/produit\/miel-de-thym-de-crete-aux-multiples-proprietes\/","og_site_name":"Le Comptoir du Miel","article_modified_time":"2026-04-07T15:12:28+00:00","og_image":[{"width":450,"height":600,"url":"https:\/\/www.lecomptoirdumiel.com\/wp-content\/uploads\/2026\/02\/miel_crete.png","type":"image\/png"}],"twitter_card":"summary_large_image","schema":{"@context":"https:\/\/schema.org","@graph":[{"@type":"WebPage","@id":"https:\/\/www.lecomptoirdumiel.com\/en\/produit\/miel-de-thym-de-crete-aux-multiples-proprietes\/","url":"https:\/\/www.lecomptoirdumiel.com\/en\/produit\/miel-de-thym-de-crete-aux-multiples-proprietes\/","name":"Miel de thym de Cr\u00e8te | Lecomptoirdumiel.com","isPartOf":{"@id":"https:\/\/www.lecomptoirdumiel.com\/en\/#website"},"primaryImageOfPage":{"@id":"https:\/\/www.lecomptoirdumiel.com\/en\/produit\/miel-de-thym-de-crete-aux-multiples-proprietes\/#primaryimage"},"image":{"@id":"https:\/\/www.lecomptoirdumiel.com\/en\/produit\/miel-de-thym-de-crete-aux-multiples-proprietes\/#primaryimage"},"thumbnailUrl":"https:\/\/www.lecomptoirdumiel.com\/wp-content\/uploads\/2026\/02\/miel_crete.png","datePublished":"2026-02-15T10:25:02+00:00","dateModified":"2026-04-07T15:12:28+00:00","description":"Notre miel de thym de Cr\u00e8te est r\u00e9colt\u00e9 dans la r\u00e9gion de Chania dans la partie ouest de la Cr\u00e8te. C'est un miel aux qualit\u00e9s gustatives exceptionnelles !","breadcrumb":{"@id":"https:\/\/www.lecomptoirdumiel.com\/en\/produit\/miel-de-thym-de-crete-aux-multiples-proprietes\/#breadcrumb"},"inLanguage":"en-US","potentialAction":[{"@type":"ReadAction","target":["https:\/\/www.lecomptoirdumiel.com\/en\/produit\/miel-de-thym-de-crete-aux-multiples-proprietes\/"]}]},{"@type":"ImageObject","inLanguage":"en-US","@id":"https:\/\/www.lecomptoirdumiel.com\/en\/produit\/miel-de-thym-de-crete-aux-multiples-proprietes\/#primaryimage","url":"https:\/\/www.lecomptoirdumiel.com\/wp-content\/uploads\/2026\/02\/miel_crete.png","contentUrl":"https:\/\/www.lecomptoirdumiel.com\/wp-content\/uploads\/2026\/02\/miel_crete.png","width":450,"height":600,"caption":"miel de thym de Cr\u00e8te, le Comptoir du Miel"},{"@type":"BreadcrumbList","@id":"https:\/\/www.lecomptoirdumiel.com\/en\/produit\/miel-de-thym-de-crete-aux-multiples-proprietes\/#breadcrumb","itemListElement":[{"@type":"ListItem","position":1,"name":"Accueil","item":"https:\/\/www.lecomptoirdumiel.com\/en\/home\/"},{"@type":"ListItem","position":2,"name":"Shop","item":"https:\/\/www.lecomptoirdumiel.com\/en\/shop\/"},{"@type":"ListItem","position":3,"name":"Miel de Thym de Cr\u00e8te"}]},{"@type":"WebSite","@id":"https:\/\/www.lecomptoirdumiel.com\/en\/#website","url":"https:\/\/www.lecomptoirdumiel.com\/en\/","name":"Le Comptoir du Miel","description":"Miels sauvages de France et du monde depuis 1987","publisher":{"@id":"https:\/\/www.lecomptoirdumiel.com\/en\/#organization"},"potentialAction":[{"@type":"SearchAction","target":{"@type":"EntryPoint","urlTemplate":"https:\/\/www.lecomptoirdumiel.com\/en\/?s={search_term_string}"},"query-input":{"@type":"PropertyValueSpecification","valueRequired":true,"valueName":"search_term_string"}}],"inLanguage":"en-US"},{"@type":"Organization","@id":"https:\/\/www.lecomptoirdumiel.com\/en\/#organization","name":"Le Comptoir du Miel","url":"https:\/\/www.lecomptoirdumiel.com\/en\/","logo":{"@type":"ImageObject","inLanguage":"en-US","@id":"https:\/\/www.lecomptoirdumiel.com\/en\/#\/schema\/logo\/image\/","url":"https:\/\/www.lecomptoirdumiel.com\/wp-content\/uploads\/2021\/11\/logo-site.svg","contentUrl":"https:\/\/www.lecomptoirdumiel.com\/wp-content\/uploads\/2021\/11\/logo-site.svg","width":350,"height":100,"caption":"Le Comptoir du Miel"},"image":{"@id":"https:\/\/www.lecomptoirdumiel.com\/en\/#\/schema\/logo\/image\/"}}]}},"jetpack_publicize_connections":[],"jetpack_sharing_enabled":true,"jetpack_likes_enabled":false,"_links":{"self":[{"href":"https:\/\/www.lecomptoirdumiel.com\/en\/wp-json\/wp\/v2\/product\/20396","targetHints":{"allow":["GET"]}}],"collection":[{"href":"https:\/\/www.lecomptoirdumiel.com\/en\/wp-json\/wp\/v2\/product"}],"about":[{"href":"https:\/\/www.lecomptoirdumiel.com\/en\/wp-json\/wp\/v2\/types\/product"}],"replies":[{"embeddable":true,"href":"https:\/\/www.lecomptoirdumiel.com\/en\/wp-json\/wp\/v2\/comments?post=20396"}],"wp:featuredmedia":[{"embeddable":true,"href":"https:\/\/www.lecomptoirdumiel.com\/en\/wp-json\/wp\/v2\/media\/20407"}],"wp:attachment":[{"href":"https:\/\/www.lecomptoirdumiel.com\/en\/wp-json\/wp\/v2\/media?parent=20396"}],"wp:term":[{"taxonomy":"product_brand","embeddable":true,"href":"https:\/\/www.lecomptoirdumiel.com\/en\/wp-json\/wp\/v2\/product_brand?post=20396"},{"taxonomy":"product_cat","embeddable":true,"href":"https:\/\/www.lecomptoirdumiel.com\/en\/wp-json\/wp\/v2\/product_cat?post=20396"},{"taxonomy":"product_tag","embeddable":true,"href":"https:\/\/www.lecomptoirdumiel.com\/en\/wp-json\/wp\/v2\/product_tag?post=20396"}],"curies":[{"name":"wp","href":"https:\/\/api.w.org\/{rel}","templated":true}]}}