{"id":19215,"date":"2025-11-19T11:57:53","date_gmt":"2025-11-19T10:57:53","guid":{"rendered":"https:\/\/www.lecomptoirdumiel.com\/?post_type=product&#038;p=19215"},"modified":"2026-03-11T15:41:20","modified_gmt":"2026-03-11T14:41:20","slug":"teinture-mere-de-propolis-verte-bio","status":"publish","type":"product","link":"https:\/\/www.lecomptoirdumiel.com\/en\/produit\/teinture-mere-de-propolis-verte-bio\/","title":{"rendered":"Teinture m\u00e8re de propolis verte BIO"},"content":{"rendered":"<p>Il existe diff\u00e9rents types de propolis\u00a0:<\/p>\n<p>La Verte, la brune, la blanche.<\/p>\n<h2>Nous avons ici la propolis verte\u00a0:<\/h2>\n<p>La propolis verte est une r\u00e9sine protectrice des bourgeons du Baccharis dracunculifolia : plante sauvage des for\u00eats br\u00e9siliennes. Environ 80 % de la production mondiale de propolis verte provient de l\u00e0. C&#8217;est un produit end\u00e9mique, influenc\u00e9 par le climat subtropical.<\/p>\n<p>La propolis verte est un produit v\u00e9g\u00e9tal \u00e0 base de r\u00e9sine. Elle est r\u00e9colt\u00e9e par les abeilles dans les for\u00eats tropicales du Br\u00e9sil, plus pr\u00e9cis\u00e9ment dans la r\u00e9gion de Minas Gerais.<\/p>\n<p>Ces insectes recueillent la mati\u00e8re sur les romarins des champs ou Bacchais Dracunculifolia, une plante qui n\u2019est pr\u00e9sente que dans ce pays. Les abeilles se servent de cette substance r\u00e9sineuse pour prot\u00e9ger la ruche contre les agressions ext\u00e9rieures telles que les germes, les virus et les infections.<\/p>\n<p>Elle est utilis\u00e9e comme un outil biologique et anti-virale dans la ruche. Sa couleur verte provient de son origine botanique. La propolis verte contient des flavono\u00efdes et surtout un acide ph\u00e9nolique unique : l&#8217;Artepiline C.<\/p>\n<p>Artep\u00e9line C est un flavono\u00efde unique (jusqu&#8217;\u00e0 10 % de la composition), avec des propri\u00e9t\u00e9s anti-inflammatoires et anticanc\u00e9reuses potentielles (\u00e9tudes in vitro).<\/p>\n<h2>\u00a0<strong>Les propri\u00e9t\u00e9s et bienfaits de la propolis verte<\/strong><\/h2>\n<ul>\n<li>\n<h3>anticanc\u00e9reux<\/h3>\n<\/li>\n<\/ul>\n<p>Dans <strong><a href=\"https:\/\/www.sciencedirect.com\/search?pub=Journal+of+Ethnopharmacology&amp;cid=271283&amp;qs=green+propolis&amp;lastSelectedFacet=years&amp;articleTypes=REV\">certaines \u00e9tudes<\/a><\/strong>, les chercheurs ont mis en \u00e9vidence l\u2019action de l\u2019artepilline C pour l\u2019inhibition de la croissance des cellules tumorales. En effet, cet actif est en mesure de provoquer l\u2019apoptose (mort cellulaire) des cellules canc\u00e9reuses gr\u00e2ce \u00e0 ses propri\u00e9t\u00e9s antiprolif\u00e9ratives et cytotoxiques. Le plus int\u00e9ressant, c\u2019est que l\u2019artepilline C ex\u00e9cute toutes ces actions tout en pr\u00e9servant les cellules saines. C\u2019est donc pour cette raison que l\u2019on dit que la propolis verte lutte contre le cancer, notamment celui des poumons, du c\u00f4lon et de l\u2019estomac.<\/p>\n<p>Dans d\u2019autres \u00e9tudes, les scientifiques ont aussi rapport\u00e9 un effet b\u00e9n\u00e9fique de la propolis verte sur la protection de l\u2019ADN. Ce dernier est ainsi pr\u00e9serv\u00e9 contre l\u2019agression des substances canc\u00e9rig\u00e8nes.<\/p>\n<p>D\u2019apr\u00e8s les nombreuses recherches men\u00e9es, les professionnels pensent que la propolis verte serait une alternative efficace dans le cadre de la pr\u00e9vention du cancer.<\/p>\n<ul>\n<li>\n<h3><strong>Antibact\u00e9rienne\u00a0<\/strong><\/h3>\n<\/li>\n<\/ul>\n<p>L\u2019un des bienfaits de la propolis les plus reconnus, c\u2019est son efficacit\u00e9 dans la lutte contre les infections. La propolis verte agit en effet contre certains germes comme le Staphylocoque dor\u00e9, le <a href=\"https:\/\/www.pasteur.fr\/fr\/journal-recherche\/actualites\/population-cachee-klebsielles-bacteries-multiresistantes-colonisatrices-du-tube-digestif-humain\">Klebsiella<\/a>, la Listerian etc. Elle aurait m\u00eame une activit\u00e9 bienfaisante sur les escarres et les plaies infectieuses. Compar\u00e9e \u00e0 l\u2019antibiotique, cette substance est bien plus avantageuse, car les risques li\u00e9s aux effets secondaires sont minimes et la cicatrisation prend moins de temps.<\/p>\n<ul>\n<li>\n<h3><strong>Antivirale<\/strong><\/h3>\n<\/li>\n<\/ul>\n<p>Plusieurs \u00e9tudes l\u2019ont d\u00e9j\u00e0 confirm\u00e9 : la propolis verte lutte contre le virus Influenza responsable de la grippe. Son r\u00f4le \u00e9tant d\u2019emp\u00eacher la r\u00e9plication des virus tout en favorisant leur \u00e9limination. \u00a0La propolis verte agit de la m\u00eame sorte contre les virus responsables de l\u2019herp\u00e8s. Ces bienfaits de cette substance sont d\u00e9cupl\u00e9s surtout lorsque vous optez pour la propolis bio.<\/p>\n<p>Utilis\u00e9e en tant qu\u2019adjuvant au vaccin, la propolis stimule aussi la production d\u2019anticorps. Ce qui aide encore plus l\u2019organisme \u00e0 lutter contre les infections. Selon les recherches men\u00e9es, ces effets seraient dus \u00e0 la pr\u00e9sence de l\u2019artepilline C.<\/p>\n<ul>\n<li>\n<h3><strong>Antioxydante<\/strong><\/h3>\n<\/li>\n<\/ul>\n<p>Les vertus antioxydantes de la propolis verte sont surtout b\u00e9n\u00e9fiques pour les personnes diab\u00e9tiques. Des \u00e9tudes ont \u00e9t\u00e9 men\u00e9es chez des patients atteints du diab\u00e8te de type 2. Chez ces sujets, le stress oxydatif s\u2019empire quand le taux de la glyc\u00e9mie n\u2019est pas bien contr\u00f4l\u00e9. Des volontaires ont ainsi suivi un traitement de 18 semaines en ing\u00e9rant 900 mg de propolis verte chaque jour. Les r\u00e9sultats ont alors montr\u00e9 que les d\u00e9fenses antioxydantes chez les personnes trait\u00e9es ont beaucoup augment\u00e9.<\/p>\n<p>&nbsp;<\/p>\n<p>Il faut toutefois noter que pour profiter pleinement de ce bienfait antioxydant, il vaut mieux se tourner vers la propolis rouge dont la capacit\u00e9 antioxydante est sup\u00e9rieure \u00e0 celle de la variante verte.<\/p>\n<p>Il existe <a href=\"https:\/\/www.lecomptoirdumiel.com\/produit\/gelules-de-propolis\"><strong>les g\u00e9lules<\/strong><\/a> de propolis verte. Elles renferment la forme purifi\u00e9e de la substance, et c\u2019est le format \u00e0 privil\u00e9gier pour un maximum d\u2019effet th\u00e9rapeutique.<\/p>\n<p>Outre les affections de la voie respiratoire, elle est aussi indiqu\u00e9e pour am\u00e9liorer l\u2019hygi\u00e8ne bucco-dentaire. Elle est donc utilis\u00e9e pour :<\/p>\n<ul>\n<li>pr\u00e9venir les caries<\/li>\n<li>se pr\u00e9munir contre les aphtes<\/li>\n<li>soigner les parodontites et les gingivites.<\/li>\n<\/ul>\n<p>Pour le syst\u00e8me digestif, la propolis verte agit contre l\u2019acidit\u00e9 gastrique et les inflammations intestinales.<\/p>\n<p>Elle est \u00e9galement efficace pour r\u00e9duire les risques de r\u00e9cidive de l\u2019herp\u00e8s g\u00e9nital et des mycoses vaginales.<\/p>\n<p>Enfin, utilis\u00e9e en usage externe, la propolis verte peut soigner les br\u00fblures et les coups de soleil.<\/p>\n<p>&nbsp;<\/p>\n<h2><strong>Le saviez-vous ?<\/strong><\/h2>\n<p>Propolis verte : des effets secondaires<\/p>\n<p>Le danger de la propolis tourne surtout autour de ses risques allergiques. En effet, des cas de r\u00e9actions allergiques ont \u00e9t\u00e9 rapport\u00e9s suite \u00e0 l\u2019utilisation du produit ou du m\u00e9dicament qui en contient. Plus d\u2019une vingtaine de rapports sur des effets secondaires constat\u00e9s ont d\u2019ailleurs \u00e9t\u00e9 recens\u00e9s. Parmi les manifestations des effets ind\u00e9sirables caus\u00e9s par la propolis, des \u0153d\u00e8mes et des r\u00e9actions cutan\u00e9es ont \u00e9t\u00e9 rapport\u00e9s.<\/p>\n<p>&nbsp;<\/p>\n<p>&nbsp;<\/p>\n<p>&nbsp;<\/p>\n","protected":false},"excerpt":{"rendered":"<p>Tr\u00e8s riche en polyph\u00e9nol, et en flavono\u00efdes, cette solution 100% naturelle, contient de l&rsquo;art\u00e9pilline C qui est reconnu pour ses multiples vertus.<\/p>\n<p>Fabriqu\u00e9e selon un savoir faire unique, cette teinture m\u00e8re est fortement dos\u00e9e en propolis verte purifi\u00e9e (21%). Elle est r\u00e9colt\u00e9e sur les feuilles de Baccharis Drancunculifolia, au sud du Br\u00e9sil.<\/p>\n<p>&nbsp;<\/p>\n","protected":false},"featured_media":19220,"comment_status":"closed","ping_status":"closed","template":"","meta":{"jetpack_publicize_message":"","jetpack_publicize_feature_enabled":true,"jetpack_social_post_already_shared":true,"jetpack_social_options":{"image_generator_settings":{"template":"highway","default_image_id":0,"font":"","enabled":false},"version":2}},"product_brand":[],"product_cat":[181,184,182],"product_tag":[],"class_list":{"0":"post-19215","1":"product","2":"type-product","3":"status-publish","4":"has-post-thumbnail","6":"product_cat-apitherapie-et-bien-etre","7":"product_cat-gelee-royale-pollen-propolis","8":"product_cat-nos-produits-a-la-propolis","10":"first","11":"instock","12":"taxable","13":"shipping-taxable","14":"purchasable","15":"product-type-simple"},"yoast_head":"<!-- This site is optimized with the Yoast SEO plugin v27.2 - https:\/\/yoast.com\/product\/yoast-seo-wordpress\/ -->\n<title>Teinture m\u00e8re de propolis verte BIO | Lecomptoirdumiel.com<\/title>\n<meta name=\"description\" content=\"La teinture m\u00e8re de propolis verte BIO contient de l&#039;Art\u00e9piline C. Avec plus de 21% de propolis active, c&#039;est un concentr\u00e9 d&#039;efficacit\u00e9.\" \/>\n<meta name=\"robots\" content=\"index, follow, max-snippet:-1, max-image-preview:large, max-video-preview:-1\" \/>\n<link rel=\"canonical\" href=\"https:\/\/www.lecomptoirdumiel.com\/en\/produit\/teinture-mere-de-propolis-verte-bio\/\" \/>\n<meta property=\"og:locale\" content=\"en_US\" \/>\n<meta property=\"og:type\" content=\"article\" \/>\n<meta property=\"og:title\" content=\"Teinture m\u00e8re de propolis verte BIO | Lecomptoirdumiel.com\" \/>\n<meta property=\"og:description\" content=\"La teinture m\u00e8re de propolis verte BIO contient de l&#039;Art\u00e9piline C. Avec plus de 21% de propolis active, c&#039;est un concentr\u00e9 d&#039;efficacit\u00e9.\" \/>\n<meta property=\"og:url\" content=\"https:\/\/www.lecomptoirdumiel.com\/en\/produit\/teinture-mere-de-propolis-verte-bio\/\" \/>\n<meta property=\"og:site_name\" content=\"Le Comptoir du Miel\" \/>\n<meta property=\"article:modified_time\" content=\"2026-03-11T14:41:20+00:00\" \/>\n<meta property=\"og:image\" content=\"https:\/\/www.lecomptoirdumiel.com\/wp-content\/uploads\/2025\/10\/TMPV30B-scaled.png\" \/>\n\t<meta property=\"og:image:width\" content=\"2560\" \/>\n\t<meta property=\"og:image:height\" content=\"2560\" \/>\n\t<meta property=\"og:image:type\" content=\"image\/png\" \/>\n<meta name=\"twitter:card\" content=\"summary_large_image\" \/>\n<script type=\"application\/ld+json\" class=\"yoast-schema-graph\">{\"@context\":\"https:\/\/schema.org\",\"@graph\":[{\"@type\":\"WebPage\",\"@id\":\"https:\/\/www.lecomptoirdumiel.com\/en\/produit\/teinture-mere-de-propolis-verte-bio\/\",\"url\":\"https:\/\/www.lecomptoirdumiel.com\/en\/produit\/teinture-mere-de-propolis-verte-bio\/\",\"name\":\"Teinture m\u00e8re de propolis verte BIO | Lecomptoirdumiel.com\",\"isPartOf\":{\"@id\":\"https:\/\/www.lecomptoirdumiel.com\/en\/#website\"},\"primaryImageOfPage\":{\"@id\":\"https:\/\/www.lecomptoirdumiel.com\/en\/produit\/teinture-mere-de-propolis-verte-bio\/#primaryimage\"},\"image\":{\"@id\":\"https:\/\/www.lecomptoirdumiel.com\/en\/produit\/teinture-mere-de-propolis-verte-bio\/#primaryimage\"},\"thumbnailUrl\":\"https:\/\/www.lecomptoirdumiel.com\/wp-content\/uploads\/2025\/10\/TMPV30B-scaled.png\",\"datePublished\":\"2025-11-19T10:57:53+00:00\",\"dateModified\":\"2026-03-11T14:41:20+00:00\",\"description\":\"La teinture m\u00e8re de propolis verte BIO contient de l'Art\u00e9piline C. Avec plus de 21% de propolis active, c'est un concentr\u00e9 d'efficacit\u00e9.\",\"breadcrumb\":{\"@id\":\"https:\/\/www.lecomptoirdumiel.com\/en\/produit\/teinture-mere-de-propolis-verte-bio\/#breadcrumb\"},\"inLanguage\":\"en-US\",\"potentialAction\":[{\"@type\":\"ReadAction\",\"target\":[\"https:\/\/www.lecomptoirdumiel.com\/en\/produit\/teinture-mere-de-propolis-verte-bio\/\"]}]},{\"@type\":\"ImageObject\",\"inLanguage\":\"en-US\",\"@id\":\"https:\/\/www.lecomptoirdumiel.com\/en\/produit\/teinture-mere-de-propolis-verte-bio\/#primaryimage\",\"url\":\"https:\/\/www.lecomptoirdumiel.com\/wp-content\/uploads\/2025\/10\/TMPV30B-scaled.png\",\"contentUrl\":\"https:\/\/www.lecomptoirdumiel.com\/wp-content\/uploads\/2025\/10\/TMPV30B-scaled.png\",\"width\":2560,\"height\":2560},{\"@type\":\"BreadcrumbList\",\"@id\":\"https:\/\/www.lecomptoirdumiel.com\/en\/produit\/teinture-mere-de-propolis-verte-bio\/#breadcrumb\",\"itemListElement\":[{\"@type\":\"ListItem\",\"position\":1,\"name\":\"Accueil\",\"item\":\"https:\/\/www.lecomptoirdumiel.com\/en\/home\/\"},{\"@type\":\"ListItem\",\"position\":2,\"name\":\"Shop\",\"item\":\"https:\/\/www.lecomptoirdumiel.com\/en\/shop\/\"},{\"@type\":\"ListItem\",\"position\":3,\"name\":\"Teinture m\u00e8re de propolis verte BIO\"}]},{\"@type\":\"WebSite\",\"@id\":\"https:\/\/www.lecomptoirdumiel.com\/en\/#website\",\"url\":\"https:\/\/www.lecomptoirdumiel.com\/en\/\",\"name\":\"Le Comptoir du Miel\",\"description\":\"Miels sauvages de France et du monde depuis 1987\",\"publisher\":{\"@id\":\"https:\/\/www.lecomptoirdumiel.com\/en\/#organization\"},\"potentialAction\":[{\"@type\":\"SearchAction\",\"target\":{\"@type\":\"EntryPoint\",\"urlTemplate\":\"https:\/\/www.lecomptoirdumiel.com\/en\/?s={search_term_string}\"},\"query-input\":{\"@type\":\"PropertyValueSpecification\",\"valueRequired\":true,\"valueName\":\"search_term_string\"}}],\"inLanguage\":\"en-US\"},{\"@type\":\"Organization\",\"@id\":\"https:\/\/www.lecomptoirdumiel.com\/en\/#organization\",\"name\":\"Le Comptoir du Miel\",\"url\":\"https:\/\/www.lecomptoirdumiel.com\/en\/\",\"logo\":{\"@type\":\"ImageObject\",\"inLanguage\":\"en-US\",\"@id\":\"https:\/\/www.lecomptoirdumiel.com\/en\/#\/schema\/logo\/image\/\",\"url\":\"https:\/\/www.lecomptoirdumiel.com\/wp-content\/uploads\/2021\/11\/logo-site.svg\",\"contentUrl\":\"https:\/\/www.lecomptoirdumiel.com\/wp-content\/uploads\/2021\/11\/logo-site.svg\",\"width\":350,\"height\":100,\"caption\":\"Le Comptoir du Miel\"},\"image\":{\"@id\":\"https:\/\/www.lecomptoirdumiel.com\/en\/#\/schema\/logo\/image\/\"}}]}<\/script>\n<!-- \/ Yoast SEO plugin. -->","yoast_head_json":{"title":"Teinture m\u00e8re de propolis verte BIO | Lecomptoirdumiel.com","description":"La teinture m\u00e8re de propolis verte BIO contient de l'Art\u00e9piline C. Avec plus de 21% de propolis active, c'est un concentr\u00e9 d'efficacit\u00e9.","robots":{"index":"index","follow":"follow","max-snippet":"max-snippet:-1","max-image-preview":"max-image-preview:large","max-video-preview":"max-video-preview:-1"},"canonical":"https:\/\/www.lecomptoirdumiel.com\/en\/produit\/teinture-mere-de-propolis-verte-bio\/","og_locale":"en_US","og_type":"article","og_title":"Teinture m\u00e8re de propolis verte BIO | Lecomptoirdumiel.com","og_description":"La teinture m\u00e8re de propolis verte BIO contient de l'Art\u00e9piline C. Avec plus de 21% de propolis active, c'est un concentr\u00e9 d'efficacit\u00e9.","og_url":"https:\/\/www.lecomptoirdumiel.com\/en\/produit\/teinture-mere-de-propolis-verte-bio\/","og_site_name":"Le Comptoir du Miel","article_modified_time":"2026-03-11T14:41:20+00:00","og_image":[{"width":2560,"height":2560,"url":"https:\/\/www.lecomptoirdumiel.com\/wp-content\/uploads\/2025\/10\/TMPV30B-scaled.png","type":"image\/png"}],"twitter_card":"summary_large_image","schema":{"@context":"https:\/\/schema.org","@graph":[{"@type":"WebPage","@id":"https:\/\/www.lecomptoirdumiel.com\/en\/produit\/teinture-mere-de-propolis-verte-bio\/","url":"https:\/\/www.lecomptoirdumiel.com\/en\/produit\/teinture-mere-de-propolis-verte-bio\/","name":"Teinture m\u00e8re de propolis verte BIO | Lecomptoirdumiel.com","isPartOf":{"@id":"https:\/\/www.lecomptoirdumiel.com\/en\/#website"},"primaryImageOfPage":{"@id":"https:\/\/www.lecomptoirdumiel.com\/en\/produit\/teinture-mere-de-propolis-verte-bio\/#primaryimage"},"image":{"@id":"https:\/\/www.lecomptoirdumiel.com\/en\/produit\/teinture-mere-de-propolis-verte-bio\/#primaryimage"},"thumbnailUrl":"https:\/\/www.lecomptoirdumiel.com\/wp-content\/uploads\/2025\/10\/TMPV30B-scaled.png","datePublished":"2025-11-19T10:57:53+00:00","dateModified":"2026-03-11T14:41:20+00:00","description":"La teinture m\u00e8re de propolis verte BIO contient de l'Art\u00e9piline C. Avec plus de 21% de propolis active, c'est un concentr\u00e9 d'efficacit\u00e9.","breadcrumb":{"@id":"https:\/\/www.lecomptoirdumiel.com\/en\/produit\/teinture-mere-de-propolis-verte-bio\/#breadcrumb"},"inLanguage":"en-US","potentialAction":[{"@type":"ReadAction","target":["https:\/\/www.lecomptoirdumiel.com\/en\/produit\/teinture-mere-de-propolis-verte-bio\/"]}]},{"@type":"ImageObject","inLanguage":"en-US","@id":"https:\/\/www.lecomptoirdumiel.com\/en\/produit\/teinture-mere-de-propolis-verte-bio\/#primaryimage","url":"https:\/\/www.lecomptoirdumiel.com\/wp-content\/uploads\/2025\/10\/TMPV30B-scaled.png","contentUrl":"https:\/\/www.lecomptoirdumiel.com\/wp-content\/uploads\/2025\/10\/TMPV30B-scaled.png","width":2560,"height":2560},{"@type":"BreadcrumbList","@id":"https:\/\/www.lecomptoirdumiel.com\/en\/produit\/teinture-mere-de-propolis-verte-bio\/#breadcrumb","itemListElement":[{"@type":"ListItem","position":1,"name":"Accueil","item":"https:\/\/www.lecomptoirdumiel.com\/en\/home\/"},{"@type":"ListItem","position":2,"name":"Shop","item":"https:\/\/www.lecomptoirdumiel.com\/en\/shop\/"},{"@type":"ListItem","position":3,"name":"Teinture m\u00e8re de propolis verte BIO"}]},{"@type":"WebSite","@id":"https:\/\/www.lecomptoirdumiel.com\/en\/#website","url":"https:\/\/www.lecomptoirdumiel.com\/en\/","name":"Le Comptoir du Miel","description":"Miels sauvages de France et du monde depuis 1987","publisher":{"@id":"https:\/\/www.lecomptoirdumiel.com\/en\/#organization"},"potentialAction":[{"@type":"SearchAction","target":{"@type":"EntryPoint","urlTemplate":"https:\/\/www.lecomptoirdumiel.com\/en\/?s={search_term_string}"},"query-input":{"@type":"PropertyValueSpecification","valueRequired":true,"valueName":"search_term_string"}}],"inLanguage":"en-US"},{"@type":"Organization","@id":"https:\/\/www.lecomptoirdumiel.com\/en\/#organization","name":"Le Comptoir du Miel","url":"https:\/\/www.lecomptoirdumiel.com\/en\/","logo":{"@type":"ImageObject","inLanguage":"en-US","@id":"https:\/\/www.lecomptoirdumiel.com\/en\/#\/schema\/logo\/image\/","url":"https:\/\/www.lecomptoirdumiel.com\/wp-content\/uploads\/2021\/11\/logo-site.svg","contentUrl":"https:\/\/www.lecomptoirdumiel.com\/wp-content\/uploads\/2021\/11\/logo-site.svg","width":350,"height":100,"caption":"Le Comptoir du Miel"},"image":{"@id":"https:\/\/www.lecomptoirdumiel.com\/en\/#\/schema\/logo\/image\/"}}]}},"jetpack_publicize_connections":[],"jetpack_sharing_enabled":true,"jetpack_likes_enabled":false,"_links":{"self":[{"href":"https:\/\/www.lecomptoirdumiel.com\/en\/wp-json\/wp\/v2\/product\/19215","targetHints":{"allow":["GET"]}}],"collection":[{"href":"https:\/\/www.lecomptoirdumiel.com\/en\/wp-json\/wp\/v2\/product"}],"about":[{"href":"https:\/\/www.lecomptoirdumiel.com\/en\/wp-json\/wp\/v2\/types\/product"}],"replies":[{"embeddable":true,"href":"https:\/\/www.lecomptoirdumiel.com\/en\/wp-json\/wp\/v2\/comments?post=19215"}],"wp:featuredmedia":[{"embeddable":true,"href":"https:\/\/www.lecomptoirdumiel.com\/en\/wp-json\/wp\/v2\/media\/19220"}],"wp:attachment":[{"href":"https:\/\/www.lecomptoirdumiel.com\/en\/wp-json\/wp\/v2\/media?parent=19215"}],"wp:term":[{"taxonomy":"product_brand","embeddable":true,"href":"https:\/\/www.lecomptoirdumiel.com\/en\/wp-json\/wp\/v2\/product_brand?post=19215"},{"taxonomy":"product_cat","embeddable":true,"href":"https:\/\/www.lecomptoirdumiel.com\/en\/wp-json\/wp\/v2\/product_cat?post=19215"},{"taxonomy":"product_tag","embeddable":true,"href":"https:\/\/www.lecomptoirdumiel.com\/en\/wp-json\/wp\/v2\/product_tag?post=19215"}],"curies":[{"name":"wp","href":"https:\/\/api.w.org\/{rel}","templated":true}]}}