{"id":18099,"date":"2020-01-23T15:17:57","date_gmt":"2020-01-23T14:17:57","guid":{"rendered":"https:\/\/www.lecomptoirdumiel.com\/produit\/greek-sage-honey\/"},"modified":"2025-12-13T19:27:20","modified_gmt":"2025-12-13T18:27:20","slug":"greek-sage-honey","status":"publish","type":"product","link":"https:\/\/www.lecomptoirdumiel.com\/en\/produit\/greek-sage-honey\/","title":{"rendered":"Greek Sage Honey"},"content":{"rendered":"<div class=\"row\">\n<p>The <strong>Peloponnese<\/strong> (island of Pelops) is part of Greece&#8217;s rich ecosystem, home to no less than seven and a half thousand varieties of plant. It&#8217;s an unspoilt land that thrives without the use of genetically modified organisms or intensive farming.<\/p>\n<p>It&#8217;s a <a href=\"https:\/\/la-grece.com\/\" target=\"_blank\" rel=\"noopener\"><strong>a country<\/strong><\/a> where beekeeping is a trans-generational skill! It&#8217;s in the heart of this splendid Balkan green setting, with its Aegean climate, that sage has developed, benefiting from all the beneficial aspects of a quality soil. <\/p>\n<p>Sage honey, like the sage from which it is made, is perfect for use in<a href=\"https:\/\/www.lecomptoirdumiel.com\/du-miel-dans-votre-cuisine\/\"><strong> use in cooking<\/strong><\/a> thanks to its mild, aromatic flavor. It is also a subtle accompaniment to certain cheeses at the end of a meal or during tastings, as well as meats. <\/p>\n<h1><strong>Taste, flavour and preservation of sage honey:<\/strong><\/h1>\n<p>This racy, finely-crystallized honey is unquestionably one of the best! It was already at the top 25 centuries ago in Greece. That&#8217;s an understatement! Its taste is mild, slightly sweet. It gives the impression of eating a <a href=\"https:\/\/www.lecomptoirdumiel.com\/produit\/miel-de-bourdaine-du-cantal\/\"><strong>candy<\/strong><\/a>without appearing too sweet. It&#8217;s a honey that keeps very well.     <\/p>\n<p>Its scent is reminiscent of marzipan and calisson.<\/p>\n<p>Its liquid appearance is smooth. Crystallization is very slow and fine-grained. This is particularly appreciated by children.  <\/p>\n<h2><strong>The properties of sage honey :  <\/strong><\/h2>\n<p>Sage honey has long been known for the many therapeutic properties it derives from its native plant. These properties have earned it the nickname \u201cthe healing plant\u201d. Salvia&#8221; in Latin means &#8220;to heal&#8221;.  <\/p>\n<p>Its therapeutic properties include antiseptic, diuretic and febrifuge properties.<\/p>\n<p>It also has an estrogenic action and acts as a hormone regulator (1).<\/p>\n<p>(1)Angelo De Gubernatis, La mythologie des plantes: ou, Les l\u00e9gendes du r\u00e8gne v\u00e9g\u00e9tal, vol. 2, C. Reinwald, 1882<\/p>\n<p>Sage even seduced King Louis XIV, who made it his favorite herbal tea.<\/p>\n<p>As for sage honey, it&#8217;s an antiseptic that helps treat certain ailments, particularly those of the <a href=\"https:\/\/www.lecomptoirdumiel.com\/produit\/miel-de-bruyere-blanche\/\"><strong>urinary system<\/strong> <\/a>and respiratory <a href=\"https:\/\/www.lecomptoirdumiel.com\/en\/produit\/vanilla-fir-honey\/\"><strong>respiratory tract<\/strong><\/a>.<\/p>\n<p>According to some, diluting sage honey in a glass of hot water helps to<a href=\"https:\/\/www.lecomptoirdumiel.com\/produit\/miel-de-chataignier-de-france\/\"><strong> purify the blood<\/strong><\/a>.<\/p>\n<h2>Did you know?<\/h2>\n<p>Shamans consider <a href=\"https:\/\/www.plantes-et-sante.fr\/articles\/plantes-medicinales\/1758-la-sauge-proprietes-et-recettes\" target=\"_blank\" rel=\"noopener\"><strong>sage<\/strong> <\/a>as a sacred plant! The Romans also used it in their pharmacopoeia. <\/p>\n<\/div>\n","protected":false},"excerpt":{"rendered":"<p>Delicious sage honey with a flowery flavor and a soft mouthfeel, comptoir du miel&#8217;s sage honey has been created in an unspoiled natural setting. Our monofloral honey comes straight from a mythical earthly paradise: the south-eastern Peloponnese. Produced by hand in total harmony with the surrounding ecosystem, in the midst of wild forests and mountains, our sage honey, with its soft, flowery flavor, will appeal to lovers of sweet honeys, and to those who like to adapt its flavor to different culinary dishes. Harvest 2023   <\/p>\n<ul>\n<li><strong>Use:<\/strong> Culinary enjoyment, General well-being<\/li>\n<li><strong>Origin:<\/strong> European honeys<\/li>\n<li><strong>Country of origin:<\/strong> GREECE<\/li>\n<li><strong>Taste:<\/strong> Floral and aromatic honeys<\/li>\n<li><strong>Aroma:<\/strong> Floral<\/li>\n<li><strong>Intensity:<\/strong> Gentle<\/li>\n<\/ul>\n","protected":false},"featured_media":17187,"comment_status":"closed","ping_status":"closed","template":"","meta":{"jetpack_publicize_message":"","jetpack_publicize_feature_enabled":true,"jetpack_social_post_already_shared":true,"jetpack_social_options":{"image_generator_settings":{"template":"highway","default_image_id":0,"font":"","enabled":false},"version":2}},"product_brand":[],"product_cat":[255,275,276,268,273,266,283,267,262,272,265],"product_tag":[],"class_list":{"0":"post-18099","1":"product","2":"type-product","3":"status-publish","4":"has-post-thumbnail","6":"product_cat-all-our-honeys","7":"product_cat-aroma","8":"product_cat-floral-and-aromatic-honeys","9":"product_cat-honeys-from-neighboring-countries","10":"product_cat-honeys-used-as-culinary-additives","11":"product_cat-honeys-used-for-general-well-being","12":"product_cat-monofloral-honeys","13":"product_cat-origin","14":"product_cat-type-of-honey","15":"product_cat-unusual-honeys","16":"product_cat-use","18":"first","19":"instock","20":"taxable","21":"shipping-taxable","22":"purchasable","23":"product-type-variable"},"yoast_head":"<!-- This site is optimized with the Yoast SEO plugin v27.2 - https:\/\/yoast.com\/product\/yoast-seo-wordpress\/ -->\n<title>Greek Sage Honey | Lecomptoirdumiel.com<\/title>\n<meta name=\"description\" content=\"Our Greek sage honey is harvested by our local beekeeper. It surprises with its suave, unusual taste, flowery and soft on the palate.\" \/>\n<meta name=\"robots\" content=\"index, follow, max-snippet:-1, max-image-preview:large, max-video-preview:-1\" \/>\n<link rel=\"canonical\" href=\"https:\/\/www.lecomptoirdumiel.com\/en\/produit\/greek-sage-honey\/\" \/>\n<meta property=\"og:locale\" content=\"en_US\" \/>\n<meta property=\"og:type\" content=\"article\" \/>\n<meta property=\"og:title\" content=\"Greek Sage Honey | Lecomptoirdumiel.com\" \/>\n<meta property=\"og:description\" content=\"Our Greek sage honey is harvested by our local beekeeper. It surprises with its suave, unusual taste, flowery and soft on the palate.\" \/>\n<meta property=\"og:url\" content=\"https:\/\/www.lecomptoirdumiel.com\/en\/produit\/greek-sage-honey\/\" \/>\n<meta property=\"og:site_name\" content=\"Le Comptoir du Miel\" \/>\n<meta property=\"article:modified_time\" content=\"2025-12-13T18:27:20+00:00\" \/>\n<meta property=\"og:image\" content=\"https:\/\/www.lecomptoirdumiel.com\/wp-content\/uploads\/2020\/01\/miel-sauge-1.png\" \/>\n\t<meta property=\"og:image:width\" content=\"450\" \/>\n\t<meta property=\"og:image:height\" content=\"600\" \/>\n\t<meta property=\"og:image:type\" content=\"image\/png\" \/>\n<meta name=\"twitter:card\" content=\"summary_large_image\" \/>\n<script type=\"application\/ld+json\" class=\"yoast-schema-graph\">{\"@context\":\"https:\/\/schema.org\",\"@graph\":[{\"@type\":\"WebPage\",\"@id\":\"https:\/\/www.lecomptoirdumiel.com\/en\/produit\/greek-sage-honey\/\",\"url\":\"https:\/\/www.lecomptoirdumiel.com\/en\/produit\/greek-sage-honey\/\",\"name\":\"Greek Sage Honey | Lecomptoirdumiel.com\",\"isPartOf\":{\"@id\":\"https:\/\/www.lecomptoirdumiel.com\/en\/#website\"},\"primaryImageOfPage\":{\"@id\":\"https:\/\/www.lecomptoirdumiel.com\/en\/produit\/greek-sage-honey\/#primaryimage\"},\"image\":{\"@id\":\"https:\/\/www.lecomptoirdumiel.com\/en\/produit\/greek-sage-honey\/#primaryimage\"},\"thumbnailUrl\":\"https:\/\/www.lecomptoirdumiel.com\/wp-content\/uploads\/2020\/01\/miel-sauge-1.png\",\"datePublished\":\"2020-01-23T14:17:57+00:00\",\"dateModified\":\"2025-12-13T18:27:20+00:00\",\"description\":\"Our Greek sage honey is harvested by our local beekeeper. It surprises with its suave, unusual taste, flowery and soft on the palate.\",\"breadcrumb\":{\"@id\":\"https:\/\/www.lecomptoirdumiel.com\/en\/produit\/greek-sage-honey\/#breadcrumb\"},\"inLanguage\":\"en-US\",\"potentialAction\":[{\"@type\":\"ReadAction\",\"target\":[\"https:\/\/www.lecomptoirdumiel.com\/en\/produit\/greek-sage-honey\/\"]}]},{\"@type\":\"ImageObject\",\"inLanguage\":\"en-US\",\"@id\":\"https:\/\/www.lecomptoirdumiel.com\/en\/produit\/greek-sage-honey\/#primaryimage\",\"url\":\"https:\/\/www.lecomptoirdumiel.com\/wp-content\/uploads\/2020\/01\/miel-sauge-1.png\",\"contentUrl\":\"https:\/\/www.lecomptoirdumiel.com\/wp-content\/uploads\/2020\/01\/miel-sauge-1.png\",\"width\":450,\"height\":600,\"caption\":\"Sage honey, Comptoir du Miel\"},{\"@type\":\"BreadcrumbList\",\"@id\":\"https:\/\/www.lecomptoirdumiel.com\/en\/produit\/greek-sage-honey\/#breadcrumb\",\"itemListElement\":[{\"@type\":\"ListItem\",\"position\":1,\"name\":\"Accueil\",\"item\":\"https:\/\/www.lecomptoirdumiel.com\/en\/home\/\"},{\"@type\":\"ListItem\",\"position\":2,\"name\":\"Shop\",\"item\":\"https:\/\/www.lecomptoirdumiel.com\/en\/shop\/\"},{\"@type\":\"ListItem\",\"position\":3,\"name\":\"Greek Sage Honey\"}]},{\"@type\":\"WebSite\",\"@id\":\"https:\/\/www.lecomptoirdumiel.com\/en\/#website\",\"url\":\"https:\/\/www.lecomptoirdumiel.com\/en\/\",\"name\":\"Le Comptoir du Miel\",\"description\":\"Miels sauvages de France et du monde depuis 1987\",\"publisher\":{\"@id\":\"https:\/\/www.lecomptoirdumiel.com\/en\/#organization\"},\"potentialAction\":[{\"@type\":\"SearchAction\",\"target\":{\"@type\":\"EntryPoint\",\"urlTemplate\":\"https:\/\/www.lecomptoirdumiel.com\/en\/?s={search_term_string}\"},\"query-input\":{\"@type\":\"PropertyValueSpecification\",\"valueRequired\":true,\"valueName\":\"search_term_string\"}}],\"inLanguage\":\"en-US\"},{\"@type\":\"Organization\",\"@id\":\"https:\/\/www.lecomptoirdumiel.com\/en\/#organization\",\"name\":\"Le Comptoir du Miel\",\"url\":\"https:\/\/www.lecomptoirdumiel.com\/en\/\",\"logo\":{\"@type\":\"ImageObject\",\"inLanguage\":\"en-US\",\"@id\":\"https:\/\/www.lecomptoirdumiel.com\/en\/#\/schema\/logo\/image\/\",\"url\":\"https:\/\/www.lecomptoirdumiel.com\/wp-content\/uploads\/2021\/11\/logo-site.svg\",\"contentUrl\":\"https:\/\/www.lecomptoirdumiel.com\/wp-content\/uploads\/2021\/11\/logo-site.svg\",\"width\":350,\"height\":100,\"caption\":\"Le Comptoir du Miel\"},\"image\":{\"@id\":\"https:\/\/www.lecomptoirdumiel.com\/en\/#\/schema\/logo\/image\/\"}}]}<\/script>\n<!-- \/ Yoast SEO plugin. -->","yoast_head_json":{"title":"Greek Sage Honey | Lecomptoirdumiel.com","description":"Our Greek sage honey is harvested by our local beekeeper. It surprises with its suave, unusual taste, flowery and soft on the palate.","robots":{"index":"index","follow":"follow","max-snippet":"max-snippet:-1","max-image-preview":"max-image-preview:large","max-video-preview":"max-video-preview:-1"},"canonical":"https:\/\/www.lecomptoirdumiel.com\/en\/produit\/greek-sage-honey\/","og_locale":"en_US","og_type":"article","og_title":"Greek Sage Honey | Lecomptoirdumiel.com","og_description":"Our Greek sage honey is harvested by our local beekeeper. It surprises with its suave, unusual taste, flowery and soft on the palate.","og_url":"https:\/\/www.lecomptoirdumiel.com\/en\/produit\/greek-sage-honey\/","og_site_name":"Le Comptoir du Miel","article_modified_time":"2025-12-13T18:27:20+00:00","og_image":[{"width":450,"height":600,"url":"https:\/\/www.lecomptoirdumiel.com\/wp-content\/uploads\/2020\/01\/miel-sauge-1.png","type":"image\/png"}],"twitter_card":"summary_large_image","schema":{"@context":"https:\/\/schema.org","@graph":[{"@type":"WebPage","@id":"https:\/\/www.lecomptoirdumiel.com\/en\/produit\/greek-sage-honey\/","url":"https:\/\/www.lecomptoirdumiel.com\/en\/produit\/greek-sage-honey\/","name":"Greek Sage Honey | Lecomptoirdumiel.com","isPartOf":{"@id":"https:\/\/www.lecomptoirdumiel.com\/en\/#website"},"primaryImageOfPage":{"@id":"https:\/\/www.lecomptoirdumiel.com\/en\/produit\/greek-sage-honey\/#primaryimage"},"image":{"@id":"https:\/\/www.lecomptoirdumiel.com\/en\/produit\/greek-sage-honey\/#primaryimage"},"thumbnailUrl":"https:\/\/www.lecomptoirdumiel.com\/wp-content\/uploads\/2020\/01\/miel-sauge-1.png","datePublished":"2020-01-23T14:17:57+00:00","dateModified":"2025-12-13T18:27:20+00:00","description":"Our Greek sage honey is harvested by our local beekeeper. It surprises with its suave, unusual taste, flowery and soft on the palate.","breadcrumb":{"@id":"https:\/\/www.lecomptoirdumiel.com\/en\/produit\/greek-sage-honey\/#breadcrumb"},"inLanguage":"en-US","potentialAction":[{"@type":"ReadAction","target":["https:\/\/www.lecomptoirdumiel.com\/en\/produit\/greek-sage-honey\/"]}]},{"@type":"ImageObject","inLanguage":"en-US","@id":"https:\/\/www.lecomptoirdumiel.com\/en\/produit\/greek-sage-honey\/#primaryimage","url":"https:\/\/www.lecomptoirdumiel.com\/wp-content\/uploads\/2020\/01\/miel-sauge-1.png","contentUrl":"https:\/\/www.lecomptoirdumiel.com\/wp-content\/uploads\/2020\/01\/miel-sauge-1.png","width":450,"height":600,"caption":"Sage honey, Comptoir du Miel"},{"@type":"BreadcrumbList","@id":"https:\/\/www.lecomptoirdumiel.com\/en\/produit\/greek-sage-honey\/#breadcrumb","itemListElement":[{"@type":"ListItem","position":1,"name":"Accueil","item":"https:\/\/www.lecomptoirdumiel.com\/en\/home\/"},{"@type":"ListItem","position":2,"name":"Shop","item":"https:\/\/www.lecomptoirdumiel.com\/en\/shop\/"},{"@type":"ListItem","position":3,"name":"Greek Sage Honey"}]},{"@type":"WebSite","@id":"https:\/\/www.lecomptoirdumiel.com\/en\/#website","url":"https:\/\/www.lecomptoirdumiel.com\/en\/","name":"Le Comptoir du Miel","description":"Miels sauvages de France et du monde depuis 1987","publisher":{"@id":"https:\/\/www.lecomptoirdumiel.com\/en\/#organization"},"potentialAction":[{"@type":"SearchAction","target":{"@type":"EntryPoint","urlTemplate":"https:\/\/www.lecomptoirdumiel.com\/en\/?s={search_term_string}"},"query-input":{"@type":"PropertyValueSpecification","valueRequired":true,"valueName":"search_term_string"}}],"inLanguage":"en-US"},{"@type":"Organization","@id":"https:\/\/www.lecomptoirdumiel.com\/en\/#organization","name":"Le Comptoir du Miel","url":"https:\/\/www.lecomptoirdumiel.com\/en\/","logo":{"@type":"ImageObject","inLanguage":"en-US","@id":"https:\/\/www.lecomptoirdumiel.com\/en\/#\/schema\/logo\/image\/","url":"https:\/\/www.lecomptoirdumiel.com\/wp-content\/uploads\/2021\/11\/logo-site.svg","contentUrl":"https:\/\/www.lecomptoirdumiel.com\/wp-content\/uploads\/2021\/11\/logo-site.svg","width":350,"height":100,"caption":"Le Comptoir du Miel"},"image":{"@id":"https:\/\/www.lecomptoirdumiel.com\/en\/#\/schema\/logo\/image\/"}}]}},"jetpack_publicize_connections":[],"jetpack_sharing_enabled":true,"jetpack_likes_enabled":false,"_links":{"self":[{"href":"https:\/\/www.lecomptoirdumiel.com\/en\/wp-json\/wp\/v2\/product\/18099","targetHints":{"allow":["GET"]}}],"collection":[{"href":"https:\/\/www.lecomptoirdumiel.com\/en\/wp-json\/wp\/v2\/product"}],"about":[{"href":"https:\/\/www.lecomptoirdumiel.com\/en\/wp-json\/wp\/v2\/types\/product"}],"replies":[{"embeddable":true,"href":"https:\/\/www.lecomptoirdumiel.com\/en\/wp-json\/wp\/v2\/comments?post=18099"}],"wp:featuredmedia":[{"embeddable":true,"href":"https:\/\/www.lecomptoirdumiel.com\/en\/wp-json\/wp\/v2\/media\/17187"}],"wp:attachment":[{"href":"https:\/\/www.lecomptoirdumiel.com\/en\/wp-json\/wp\/v2\/media?parent=18099"}],"wp:term":[{"taxonomy":"product_brand","embeddable":true,"href":"https:\/\/www.lecomptoirdumiel.com\/en\/wp-json\/wp\/v2\/product_brand?post=18099"},{"taxonomy":"product_cat","embeddable":true,"href":"https:\/\/www.lecomptoirdumiel.com\/en\/wp-json\/wp\/v2\/product_cat?post=18099"},{"taxonomy":"product_tag","embeddable":true,"href":"https:\/\/www.lecomptoirdumiel.com\/en\/wp-json\/wp\/v2\/product_tag?post=18099"}],"curies":[{"name":"wp","href":"https:\/\/api.w.org\/{rel}","templated":true}]}}