{"id":18091,"date":"2020-01-23T15:15:03","date_gmt":"2020-01-23T14:15:03","guid":{"rendered":"https:\/\/www.lecomptoirdumiel.com\/produit\/savory-honey\/"},"modified":"2025-12-13T19:27:20","modified_gmt":"2025-12-13T18:27:20","slug":"savory-honey","status":"publish","type":"product","link":"https:\/\/www.lecomptoirdumiel.com\/en\/produit\/savory-honey\/","title":{"rendered":"Savory honey"},"content":{"rendered":"<p>Savory is an aromatic herb used in cooking for its leaves and stems, which have a distinct flavor and aroma. It belongs to the Lamiaceae family and is native to Mediterranean regions. There are two main varieties of savory: summer savory (Satureja hortensis) and winter savory (Satureja montana).  <\/p>\n<p>It is appreciated for its slightly peppery, spicy and minty flavor. As a result, it is often used to enhance the flavour of various dishes, particularly in <a href=\"https:\/\/www.lecomptoirdumiel.com\/du-miel-dans-votre-cuisine\/\"><strong>cuisines<\/strong> <\/a>Mediterranean cuisine. <\/p>\n<p>Here are some common uses for savory in <strong>cooking<\/strong>:<\/p>\n<p>Savory is used to season a variety of dishes, including soups, stews, meat dishes, vegetables and sauces.<\/p>\n<p>It is sometimes used to flavor grilled meats, marinades and barbecue dishes. But it can also be used to flavor certain cheeses, for example. <\/p>\n<p>It can also be incorporated into bread or focaccia dough for added flavor.<\/p>\n<p>It&#8217;s a versatile herb that can be used fresh or dried! It&#8217;s an integral part of Provence herbs such as <a href=\"https:\/\/www.lecomptoirdumiel.com\/4-miels-thym-rares-deguster\/\"><strong>thyme<\/strong><\/a>rosemary or <a href=\"https:\/\/www.lecomptoirdumiel.com\/en\/produit\/oregano-honey\/\"><strong>oregano<\/strong><\/a>. <\/p>\n<p>Our savory honey, with its spicy flavor, is an ideal ingredient for all these recipes.<\/p>\n<h2>The benefits and virtues of savory :<\/h2>\n<p>In addition to cooking, savory is used in herbal medicine for its beneficial properties, including digestion.<\/p>\n<p>Indeed, historically it has been taken to help stimulate digestion. It is said to promote appetite, relieve stomach upset, bloating and gas, and thus improve digestion. <\/p>\n<p>In addition, savory contains phenolic compounds and antioxidants that can help protect the body&#8217;s cells from free-radical damage.<\/p>\n<p>Certain compounds found in savory, such as essential oils, have potential antimicrobial properties. They can help fight bacteria and fungi. <\/p>\n<p>It also has possible anti-inflammatory effects due to its phenolic compounds.<\/p>\n<p>Savory is sometimes used to relieve muscle spasms and cramps. Naturally, we hope that all these virtues can be found in savory honey! <\/p>\n<h2>The taste of savory honey:<\/h2>\n<p>Savory honey is an aromatic honey. Its taste is generally described as robust, intense and complex. It has spicy, peppery and slightly minty notes, with a subtle sweetness.  <\/p>\n<p>The scent of savory, very present in the garrigue, is also found in this honey, making it particularly interesting for those seeking strong flavors. It is strong and original, and is appreciated by lovers of honeys other than acacia or wildflower. <\/p>\n<h2>Did you know?<\/h2>\n<p>Savories are sometimes called p\u00e8bre d&#8217;ai or p\u00e8bre d&#8217;ase (which in Proven\u00e7al means \u201cdonkey pepper\u201d because of its alleged <strong>aphrodisiac<\/strong> properties, local customs referring to the donkey as \u201cwell-stocked\u201d), or poivrette (in <a href=\"https:\/\/www.valais.ch\/fr\/information\/landingpage\/listical\/choses-a-faire-a-visiter-en-valais\" target=\"_blank\" rel=\"noopener\"><strong>Valais<\/strong> <\/a>and Aosta Valley).<\/p>\n<p>&nbsp;<\/p>\n","protected":false},"excerpt":{"rendered":"<p>Harvested in Aragon in 2023<\/p>\n<p>Honey with a highly aromatic flavor.<\/p>\n<ul>\n<li><strong>Use:<\/strong> Culinary enjoyment, General well-being<\/li>\n<li><strong>Origin:<\/strong> European honeys<\/li>\n<li><strong>Country of origin:<\/strong> SPAIN<\/li>\n<li><strong>Taste:<\/strong> Floral and aromatic honeys<\/li>\n<li><strong>Aroma:<\/strong> Floral<\/li>\n<li><strong>Intensity:<\/strong> Fragrant<\/li>\n<\/ul>\n","protected":false},"featured_media":17183,"comment_status":"closed","ping_status":"closed","template":"","meta":{"jetpack_publicize_message":"","jetpack_publicize_feature_enabled":true,"jetpack_social_post_already_shared":true,"jetpack_social_options":{"image_generator_settings":{"template":"highway","default_image_id":0,"font":"","enabled":false},"version":2}},"product_brand":[],"product_cat":[255,275,276,268,273,266,283,267,262,272,265],"product_tag":[],"class_list":{"0":"post-18091","1":"product","2":"type-product","3":"status-publish","4":"has-post-thumbnail","6":"product_cat-all-our-honeys","7":"product_cat-aroma","8":"product_cat-floral-and-aromatic-honeys","9":"product_cat-honeys-from-neighboring-countries","10":"product_cat-honeys-used-as-culinary-additives","11":"product_cat-honeys-used-for-general-well-being","12":"product_cat-monofloral-honeys","13":"product_cat-origin","14":"product_cat-type-of-honey","15":"product_cat-unusual-honeys","16":"product_cat-use","18":"first","19":"instock","20":"taxable","21":"shipping-taxable","22":"purchasable","23":"product-type-variable"},"yoast_head":"<!-- This site is optimized with the Yoast SEO plugin v27.4 - https:\/\/yoast.com\/product\/yoast-seo-wordpress\/ -->\n<title>Savory honey | Lecomptoirdumiel.com<\/title>\n<meta name=\"description\" content=\"Savory honey harvested in Aragon has a spicy taste. Savory is an integral part of the aromatic herbs of Provence.\" \/>\n<meta name=\"robots\" content=\"index, follow, max-snippet:-1, max-image-preview:large, max-video-preview:-1\" \/>\n<link rel=\"canonical\" href=\"https:\/\/www.lecomptoirdumiel.com\/en\/produit\/savory-honey\/\" \/>\n<meta property=\"og:locale\" content=\"en_US\" \/>\n<meta property=\"og:type\" content=\"article\" \/>\n<meta property=\"og:title\" content=\"Savory honey | Lecomptoirdumiel.com\" \/>\n<meta property=\"og:description\" content=\"Savory honey harvested in Aragon has a spicy taste. Savory is an integral part of the aromatic herbs of Provence.\" \/>\n<meta property=\"og:url\" content=\"https:\/\/www.lecomptoirdumiel.com\/en\/produit\/savory-honey\/\" \/>\n<meta property=\"og:site_name\" content=\"Le Comptoir du Miel\" \/>\n<meta property=\"article:modified_time\" content=\"2025-12-13T18:27:20+00:00\" \/>\n<meta property=\"og:image\" content=\"https:\/\/www.lecomptoirdumiel.com\/wp-content\/uploads\/2020\/01\/miel-sarriette-1.png\" \/>\n\t<meta property=\"og:image:width\" content=\"450\" \/>\n\t<meta property=\"og:image:height\" content=\"600\" \/>\n\t<meta property=\"og:image:type\" content=\"image\/png\" \/>\n<meta name=\"twitter:card\" content=\"summary_large_image\" \/>\n<script type=\"application\/ld+json\" class=\"yoast-schema-graph\">{\"@context\":\"https:\\\/\\\/schema.org\",\"@graph\":[{\"@type\":\"WebPage\",\"@id\":\"https:\\\/\\\/www.lecomptoirdumiel.com\\\/en\\\/produit\\\/savory-honey\\\/\",\"url\":\"https:\\\/\\\/www.lecomptoirdumiel.com\\\/en\\\/produit\\\/savory-honey\\\/\",\"name\":\"Savory honey | Lecomptoirdumiel.com\",\"isPartOf\":{\"@id\":\"https:\\\/\\\/www.lecomptoirdumiel.com\\\/en\\\/#website\"},\"primaryImageOfPage\":{\"@id\":\"https:\\\/\\\/www.lecomptoirdumiel.com\\\/en\\\/produit\\\/savory-honey\\\/#primaryimage\"},\"image\":{\"@id\":\"https:\\\/\\\/www.lecomptoirdumiel.com\\\/en\\\/produit\\\/savory-honey\\\/#primaryimage\"},\"thumbnailUrl\":\"https:\\\/\\\/www.lecomptoirdumiel.com\\\/wp-content\\\/uploads\\\/2020\\\/01\\\/miel-sarriette-1.png\",\"datePublished\":\"2020-01-23T14:15:03+00:00\",\"dateModified\":\"2025-12-13T18:27:20+00:00\",\"description\":\"Savory honey harvested in Aragon has a spicy taste. Savory is an integral part of the aromatic herbs of Provence.\",\"breadcrumb\":{\"@id\":\"https:\\\/\\\/www.lecomptoirdumiel.com\\\/en\\\/produit\\\/savory-honey\\\/#breadcrumb\"},\"inLanguage\":\"en-US\",\"potentialAction\":[{\"@type\":\"ReadAction\",\"target\":[\"https:\\\/\\\/www.lecomptoirdumiel.com\\\/en\\\/produit\\\/savory-honey\\\/\"]}]},{\"@type\":\"ImageObject\",\"inLanguage\":\"en-US\",\"@id\":\"https:\\\/\\\/www.lecomptoirdumiel.com\\\/en\\\/produit\\\/savory-honey\\\/#primaryimage\",\"url\":\"https:\\\/\\\/www.lecomptoirdumiel.com\\\/wp-content\\\/uploads\\\/2020\\\/01\\\/miel-sarriette-1.png\",\"contentUrl\":\"https:\\\/\\\/www.lecomptoirdumiel.com\\\/wp-content\\\/uploads\\\/2020\\\/01\\\/miel-sarriette-1.png\",\"width\":450,\"height\":600,\"caption\":\"Savory honey, Comptoir du Miel\"},{\"@type\":\"BreadcrumbList\",\"@id\":\"https:\\\/\\\/www.lecomptoirdumiel.com\\\/en\\\/produit\\\/savory-honey\\\/#breadcrumb\",\"itemListElement\":[{\"@type\":\"ListItem\",\"position\":1,\"name\":\"Accueil\",\"item\":\"https:\\\/\\\/www.lecomptoirdumiel.com\\\/en\\\/home\\\/\"},{\"@type\":\"ListItem\",\"position\":2,\"name\":\"Shop\",\"item\":\"https:\\\/\\\/www.lecomptoirdumiel.com\\\/en\\\/shop\\\/\"},{\"@type\":\"ListItem\",\"position\":3,\"name\":\"Savory honey\"}]},{\"@type\":\"WebSite\",\"@id\":\"https:\\\/\\\/www.lecomptoirdumiel.com\\\/en\\\/#website\",\"url\":\"https:\\\/\\\/www.lecomptoirdumiel.com\\\/en\\\/\",\"name\":\"Le Comptoir du Miel\",\"description\":\"Miels sauvages de France et du monde depuis 1987\",\"publisher\":{\"@id\":\"https:\\\/\\\/www.lecomptoirdumiel.com\\\/en\\\/#organization\"},\"potentialAction\":[{\"@type\":\"SearchAction\",\"target\":{\"@type\":\"EntryPoint\",\"urlTemplate\":\"https:\\\/\\\/www.lecomptoirdumiel.com\\\/en\\\/?s={search_term_string}\"},\"query-input\":{\"@type\":\"PropertyValueSpecification\",\"valueRequired\":true,\"valueName\":\"search_term_string\"}}],\"inLanguage\":\"en-US\"},{\"@type\":\"Organization\",\"@id\":\"https:\\\/\\\/www.lecomptoirdumiel.com\\\/en\\\/#organization\",\"name\":\"Le Comptoir du Miel\",\"url\":\"https:\\\/\\\/www.lecomptoirdumiel.com\\\/en\\\/\",\"logo\":{\"@type\":\"ImageObject\",\"inLanguage\":\"en-US\",\"@id\":\"https:\\\/\\\/www.lecomptoirdumiel.com\\\/en\\\/#\\\/schema\\\/logo\\\/image\\\/\",\"url\":\"https:\\\/\\\/www.lecomptoirdumiel.com\\\/wp-content\\\/uploads\\\/2021\\\/11\\\/logo-site.svg\",\"contentUrl\":\"https:\\\/\\\/www.lecomptoirdumiel.com\\\/wp-content\\\/uploads\\\/2021\\\/11\\\/logo-site.svg\",\"width\":350,\"height\":100,\"caption\":\"Le Comptoir du Miel\"},\"image\":{\"@id\":\"https:\\\/\\\/www.lecomptoirdumiel.com\\\/en\\\/#\\\/schema\\\/logo\\\/image\\\/\"}}]}<\/script>\n<!-- \/ Yoast SEO plugin. -->","yoast_head_json":{"title":"Savory honey | Lecomptoirdumiel.com","description":"Savory honey harvested in Aragon has a spicy taste. Savory is an integral part of the aromatic herbs of Provence.","robots":{"index":"index","follow":"follow","max-snippet":"max-snippet:-1","max-image-preview":"max-image-preview:large","max-video-preview":"max-video-preview:-1"},"canonical":"https:\/\/www.lecomptoirdumiel.com\/en\/produit\/savory-honey\/","og_locale":"en_US","og_type":"article","og_title":"Savory honey | Lecomptoirdumiel.com","og_description":"Savory honey harvested in Aragon has a spicy taste. Savory is an integral part of the aromatic herbs of Provence.","og_url":"https:\/\/www.lecomptoirdumiel.com\/en\/produit\/savory-honey\/","og_site_name":"Le Comptoir du Miel","article_modified_time":"2025-12-13T18:27:20+00:00","og_image":[{"width":450,"height":600,"url":"https:\/\/www.lecomptoirdumiel.com\/wp-content\/uploads\/2020\/01\/miel-sarriette-1.png","type":"image\/png"}],"twitter_card":"summary_large_image","schema":{"@context":"https:\/\/schema.org","@graph":[{"@type":"WebPage","@id":"https:\/\/www.lecomptoirdumiel.com\/en\/produit\/savory-honey\/","url":"https:\/\/www.lecomptoirdumiel.com\/en\/produit\/savory-honey\/","name":"Savory honey | Lecomptoirdumiel.com","isPartOf":{"@id":"https:\/\/www.lecomptoirdumiel.com\/en\/#website"},"primaryImageOfPage":{"@id":"https:\/\/www.lecomptoirdumiel.com\/en\/produit\/savory-honey\/#primaryimage"},"image":{"@id":"https:\/\/www.lecomptoirdumiel.com\/en\/produit\/savory-honey\/#primaryimage"},"thumbnailUrl":"https:\/\/www.lecomptoirdumiel.com\/wp-content\/uploads\/2020\/01\/miel-sarriette-1.png","datePublished":"2020-01-23T14:15:03+00:00","dateModified":"2025-12-13T18:27:20+00:00","description":"Savory honey harvested in Aragon has a spicy taste. Savory is an integral part of the aromatic herbs of Provence.","breadcrumb":{"@id":"https:\/\/www.lecomptoirdumiel.com\/en\/produit\/savory-honey\/#breadcrumb"},"inLanguage":"en-US","potentialAction":[{"@type":"ReadAction","target":["https:\/\/www.lecomptoirdumiel.com\/en\/produit\/savory-honey\/"]}]},{"@type":"ImageObject","inLanguage":"en-US","@id":"https:\/\/www.lecomptoirdumiel.com\/en\/produit\/savory-honey\/#primaryimage","url":"https:\/\/www.lecomptoirdumiel.com\/wp-content\/uploads\/2020\/01\/miel-sarriette-1.png","contentUrl":"https:\/\/www.lecomptoirdumiel.com\/wp-content\/uploads\/2020\/01\/miel-sarriette-1.png","width":450,"height":600,"caption":"Savory honey, Comptoir du Miel"},{"@type":"BreadcrumbList","@id":"https:\/\/www.lecomptoirdumiel.com\/en\/produit\/savory-honey\/#breadcrumb","itemListElement":[{"@type":"ListItem","position":1,"name":"Accueil","item":"https:\/\/www.lecomptoirdumiel.com\/en\/home\/"},{"@type":"ListItem","position":2,"name":"Shop","item":"https:\/\/www.lecomptoirdumiel.com\/en\/shop\/"},{"@type":"ListItem","position":3,"name":"Savory honey"}]},{"@type":"WebSite","@id":"https:\/\/www.lecomptoirdumiel.com\/en\/#website","url":"https:\/\/www.lecomptoirdumiel.com\/en\/","name":"Le Comptoir du Miel","description":"Miels sauvages de France et du monde depuis 1987","publisher":{"@id":"https:\/\/www.lecomptoirdumiel.com\/en\/#organization"},"potentialAction":[{"@type":"SearchAction","target":{"@type":"EntryPoint","urlTemplate":"https:\/\/www.lecomptoirdumiel.com\/en\/?s={search_term_string}"},"query-input":{"@type":"PropertyValueSpecification","valueRequired":true,"valueName":"search_term_string"}}],"inLanguage":"en-US"},{"@type":"Organization","@id":"https:\/\/www.lecomptoirdumiel.com\/en\/#organization","name":"Le Comptoir du Miel","url":"https:\/\/www.lecomptoirdumiel.com\/en\/","logo":{"@type":"ImageObject","inLanguage":"en-US","@id":"https:\/\/www.lecomptoirdumiel.com\/en\/#\/schema\/logo\/image\/","url":"https:\/\/www.lecomptoirdumiel.com\/wp-content\/uploads\/2021\/11\/logo-site.svg","contentUrl":"https:\/\/www.lecomptoirdumiel.com\/wp-content\/uploads\/2021\/11\/logo-site.svg","width":350,"height":100,"caption":"Le Comptoir du Miel"},"image":{"@id":"https:\/\/www.lecomptoirdumiel.com\/en\/#\/schema\/logo\/image\/"}}]}},"jetpack_publicize_connections":[],"jetpack_sharing_enabled":true,"jetpack_likes_enabled":false,"_links":{"self":[{"href":"https:\/\/www.lecomptoirdumiel.com\/en\/wp-json\/wp\/v2\/product\/18091","targetHints":{"allow":["GET"]}}],"collection":[{"href":"https:\/\/www.lecomptoirdumiel.com\/en\/wp-json\/wp\/v2\/product"}],"about":[{"href":"https:\/\/www.lecomptoirdumiel.com\/en\/wp-json\/wp\/v2\/types\/product"}],"replies":[{"embeddable":true,"href":"https:\/\/www.lecomptoirdumiel.com\/en\/wp-json\/wp\/v2\/comments?post=18091"}],"wp:featuredmedia":[{"embeddable":true,"href":"https:\/\/www.lecomptoirdumiel.com\/en\/wp-json\/wp\/v2\/media\/17183"}],"wp:attachment":[{"href":"https:\/\/www.lecomptoirdumiel.com\/en\/wp-json\/wp\/v2\/media?parent=18091"}],"wp:term":[{"taxonomy":"product_brand","embeddable":true,"href":"https:\/\/www.lecomptoirdumiel.com\/en\/wp-json\/wp\/v2\/product_brand?post=18091"},{"taxonomy":"product_cat","embeddable":true,"href":"https:\/\/www.lecomptoirdumiel.com\/en\/wp-json\/wp\/v2\/product_cat?post=18091"},{"taxonomy":"product_tag","embeddable":true,"href":"https:\/\/www.lecomptoirdumiel.com\/en\/wp-json\/wp\/v2\/product_tag?post=18091"}],"curies":[{"name":"wp","href":"https:\/\/api.w.org\/{rel}","templated":true}]}}