{"id":17781,"date":"2022-12-05T17:47:43","date_gmt":"2022-12-05T16:47:43","guid":{"rendered":"https:\/\/www.lecomptoirdumiel.com\/produit\/organic-lavender-honey\/"},"modified":"2026-01-26T23:57:10","modified_gmt":"2026-01-26T22:57:10","slug":"organic-lavender-honey","status":"publish","type":"product","link":"https:\/\/www.lecomptoirdumiel.com\/en\/produit\/organic-lavender-honey\/","title":{"rendered":"Organic Lavender Honey"},"content":{"rendered":"<p>Lavender is a hardy, perennial, evergreen shrub of the Labiatae family, growing on limestone soil in sunny locations. It flowers between late spring and early summer. Its nectar is used to produce a highly prized, aromatic honey.  <\/p>\n<p>Lavender is emblematic of <a href=\"https:\/\/www.laprovence.com\/region\">Provence <\/a>: it is grown on the Valensole plateau. It is also found in Sault in the Vaucluse, and of course in the Dr\u00f4me proven\u00e7ale. It&#8217;s in this Dr\u00f4me proven\u00e7ale that our beekeeper has set up his hives, close to <strong>Grignan <\/strong>, to produce this organic Lavender Honey.  <\/p>\n<p><strong>Lavender<\/strong> is not a single species:<\/p>\n<p>First, there is true lavender or <a href=\"https:\/\/www.mnhn.fr\/fr\/lavande-vraie\"><strong>lavender angustifolia<\/strong><\/a>also known as fine lavender. It grows on sunny slopes at altitudes of over 1,200 meters. It even benefits from a PDO (protected designation of origin). Suffice to say, there aren&#8217;t many harvests of true lavender honey!   <\/p>\n<p>Then there is <a href=\"https:\/\/www.passeportsante.net\/fr\/Solutions\/HuilesEssentielles\/Fiche.aspx?doc=huile-essentielle-lavande-aspic\"><strong>lavender aspic<\/strong><\/a> (latifolia). This lavender is found throughout Europe in low mountainous areas. It is less appreciated by perfumers. Nevertheless, it has the same medicinal characteristics as true lavender.   <\/p>\n<p>Finally, there is also<a href=\"https:\/\/www.lecomptoirdumiel.com\/produit\/miel-de-lavande-anti-inflammatoire\/\"><strong> lavandin<\/strong><\/a>a hybrid species adapted to high altitude.<\/p>\n<p>Not to mention dozens of subspecies that I won&#8217;t name here!<\/p>\n<p>This is what gives each variety of lavender honey its typical specificity.<\/p>\n<h2>Characteristics of organic lavender honey :<\/h2>\n<p>Its texture is unctuous and smooth. Its color is pale yellow when harvested. It whitens under the effect of crystallization. Delicate, long-lasting taste. Its fragrance is distinctive and pleasant.<br \/>\nThe aroma is delicate and tasty, developing over time. It is easy to recognize the scent of lavender in bloom.<br \/>\nIt keeps well when kept away from light and humidity. However, beware of thermal shock, which is not appreciated by lavender honeys.      <\/p>\n<p>For best storage, keep dry, away from light and at a maximum temperature of 14\u00b0.<\/p>\n<h2>The properties and benefits of organic lavender honey:<\/h2>\n<p>Highly appreciated for its many benefits, lavender honey is said to have the following properties <a href=\"https:\/\/www.lecomptoirdumiel.com\/produit\/pollen-de-fleurs\/\"><strong>antirheumatic<\/strong><\/a>antispasmodic <a href=\"https:\/\/www.lecomptoirdumiel.com\/produit\/miel-cicatrisant-dispositif-medical\/\"><strong>antiseptic<\/strong> <\/a>and anti-inflammatory.<\/p>\n<p>Lavender honey is also effective against insomnia. In addition, regular consumption of lavender honey is said to calm <a href=\"https:\/\/www.lecomptoirdumiel.com\/produit\/miel-de-tilleul-de-france-au-gout-menthole\/\"><strong>anxiety<\/strong><\/a>. <\/p>\n<p>Another property of lavender honey is well known:<\/p>\n<p>It soothes minor burns. Simply spread a little lavender honey on the injured skin. This helps the skin heal more quickly. For insect bites, you can also apply honey to minimize pain.   <\/p>\n<p>Lavender is known for its soothing, relaxing properties. In particular, it helps you fall asleep. To remedy insomnia problems, you can prepare a glass of warm milk and add a little lavender honey. Sleepless nights will be a distant memory! For people with rheumatic or spasmodic pains, lavender honey will also help relieve them.    <\/p>\n<p>Finally, lavender honey treats digestive disorders such as stomach ulcers and gastroenteritis.<\/p>\n<h2><strong>Did you know?<\/strong><\/h2>\n<p>Emblematic honey of <strong><a href=\"https:\/\/www.france-lavande.com\/\">Provence<\/a><\/strong> the pride of France, lavender honey is widely exported beyond our borders.<\/p>\n<p>On the other hand, the world&#8217;s leading lavender producer is Bulgaria. <strong><a href=\"https:\/\/www.lecomptoirdumiel.com\/produit\/miel-dacacia-bio-de-bulgarie\/\">Bulgaria<\/a><\/strong>.<\/p>\n<p>Also, did you know that honey contains a substance that helps our brain function better?<\/p>\n<p>&nbsp;<\/p>\n<p>&nbsp;<\/p>\n","protected":false},"excerpt":{"rendered":"<p>Harvested in Grignan in northern Dr\u00f4me, our ORGANIC lavender honey is very light. Its aroma is subtle and fragrant, its scent soft and distinctive. It is reputed to be anti-inflammatory for the respiratory tract, antiseptic and antispasmodic. Harvest 2024   <\/p>\n<ul>\n<li><strong>Use: Culinary enjoyment, General well-being<\/strong><\/li>\n<li><strong>Origin: Miels de France<\/strong><\/li>\n<li><strong>Country of origin: FRANCE<\/strong><\/li>\n<li><strong>Taste: Floral and aromatic honeys<\/strong><\/li>\n<li><strong>Aroma: Floral<\/strong><\/li>\n<li><strong>Intensity: Fragrant<\/strong><\/li>\n<\/ul>\n","protected":false},"featured_media":16973,"comment_status":"open","ping_status":"closed","template":"","meta":{"jetpack_publicize_message":"","jetpack_publicize_feature_enabled":true,"jetpack_social_post_already_shared":true,"jetpack_social_options":{"image_generator_settings":{"template":"highway","default_image_id":0,"font":"","enabled":false},"version":2}},"product_brand":[],"product_cat":[255,275,276,273,266,287,283,284,267,263,262,265],"product_tag":[],"class_list":{"0":"post-17781","1":"product","2":"type-product","3":"status-publish","4":"has-post-thumbnail","6":"product_cat-all-our-honeys","7":"product_cat-aroma","8":"product_cat-floral-and-aromatic-honeys","9":"product_cat-honeys-used-as-culinary-additives","10":"product_cat-honeys-used-for-general-well-being","11":"product_cat-miels-de-france-en","12":"product_cat-monofloral-honeys","13":"product_cat-organic-honeys","14":"product_cat-origin","15":"product_cat-traditional-honeys","16":"product_cat-type-of-honey","17":"product_cat-use","19":"first","20":"instock","21":"taxable","22":"shipping-taxable","23":"purchasable","24":"product-type-variable"},"yoast_head":"<!-- This site is optimized with the Yoast SEO plugin v27.2 - https:\/\/yoast.com\/product\/yoast-seo-wordpress\/ -->\n<title>Organic lavender honey | Lecomptoirdumiel.com<\/title>\n<meta name=\"description\" content=\"Our organic lavender honey is harvested in the Dr\u00f4me. Its very fine natural crystallization releases a pleasant lavender taste in the mouth.\" \/>\n<meta name=\"robots\" content=\"index, follow, max-snippet:-1, max-image-preview:large, max-video-preview:-1\" \/>\n<link rel=\"canonical\" href=\"https:\/\/www.lecomptoirdumiel.com\/en\/produit\/organic-lavender-honey\/\" \/>\n<meta property=\"og:locale\" content=\"en_US\" \/>\n<meta property=\"og:type\" content=\"article\" \/>\n<meta property=\"og:title\" content=\"Organic lavender honey | Lecomptoirdumiel.com\" \/>\n<meta property=\"og:description\" content=\"Our organic lavender honey is harvested in the Dr\u00f4me. Its very fine natural crystallization releases a pleasant lavender taste in the mouth.\" \/>\n<meta property=\"og:url\" content=\"https:\/\/www.lecomptoirdumiel.com\/en\/produit\/organic-lavender-honey\/\" \/>\n<meta property=\"og:site_name\" content=\"Le Comptoir du Miel\" \/>\n<meta property=\"article:modified_time\" content=\"2026-01-26T22:57:10+00:00\" \/>\n<meta property=\"og:image\" content=\"https:\/\/www.lecomptoirdumiel.com\/wp-content\/uploads\/2022\/12\/miel-lavande-bio-1.png\" \/>\n\t<meta property=\"og:image:width\" content=\"450\" \/>\n\t<meta property=\"og:image:height\" content=\"600\" \/>\n\t<meta property=\"og:image:type\" content=\"image\/png\" \/>\n<meta name=\"twitter:card\" content=\"summary_large_image\" \/>\n<script type=\"application\/ld+json\" class=\"yoast-schema-graph\">{\"@context\":\"https:\/\/schema.org\",\"@graph\":[{\"@type\":\"WebPage\",\"@id\":\"https:\/\/www.lecomptoirdumiel.com\/en\/produit\/organic-lavender-honey\/\",\"url\":\"https:\/\/www.lecomptoirdumiel.com\/en\/produit\/organic-lavender-honey\/\",\"name\":\"Organic lavender honey | Lecomptoirdumiel.com\",\"isPartOf\":{\"@id\":\"https:\/\/www.lecomptoirdumiel.com\/en\/#website\"},\"primaryImageOfPage\":{\"@id\":\"https:\/\/www.lecomptoirdumiel.com\/en\/produit\/organic-lavender-honey\/#primaryimage\"},\"image\":{\"@id\":\"https:\/\/www.lecomptoirdumiel.com\/en\/produit\/organic-lavender-honey\/#primaryimage\"},\"thumbnailUrl\":\"https:\/\/www.lecomptoirdumiel.com\/wp-content\/uploads\/2022\/12\/miel-lavande-bio-1.png\",\"datePublished\":\"2022-12-05T16:47:43+00:00\",\"dateModified\":\"2026-01-26T22:57:10+00:00\",\"description\":\"Our organic lavender honey is harvested in the Dr\u00f4me. Its very fine natural crystallization releases a pleasant lavender taste in the mouth.\",\"breadcrumb\":{\"@id\":\"https:\/\/www.lecomptoirdumiel.com\/en\/produit\/organic-lavender-honey\/#breadcrumb\"},\"inLanguage\":\"en-US\",\"potentialAction\":[{\"@type\":\"ReadAction\",\"target\":[\"https:\/\/www.lecomptoirdumiel.com\/en\/produit\/organic-lavender-honey\/\"]}]},{\"@type\":\"ImageObject\",\"inLanguage\":\"en-US\",\"@id\":\"https:\/\/www.lecomptoirdumiel.com\/en\/produit\/organic-lavender-honey\/#primaryimage\",\"url\":\"https:\/\/www.lecomptoirdumiel.com\/wp-content\/uploads\/2022\/12\/miel-lavande-bio-1.png\",\"contentUrl\":\"https:\/\/www.lecomptoirdumiel.com\/wp-content\/uploads\/2022\/12\/miel-lavande-bio-1.png\",\"width\":450,\"height\":600,\"caption\":\"Organic lavender honey, Comptoir du Miel\"},{\"@type\":\"BreadcrumbList\",\"@id\":\"https:\/\/www.lecomptoirdumiel.com\/en\/produit\/organic-lavender-honey\/#breadcrumb\",\"itemListElement\":[{\"@type\":\"ListItem\",\"position\":1,\"name\":\"Accueil\",\"item\":\"https:\/\/www.lecomptoirdumiel.com\/en\/home\/\"},{\"@type\":\"ListItem\",\"position\":2,\"name\":\"Shop\",\"item\":\"https:\/\/www.lecomptoirdumiel.com\/en\/shop\/\"},{\"@type\":\"ListItem\",\"position\":3,\"name\":\"Organic Lavender Honey\"}]},{\"@type\":\"WebSite\",\"@id\":\"https:\/\/www.lecomptoirdumiel.com\/en\/#website\",\"url\":\"https:\/\/www.lecomptoirdumiel.com\/en\/\",\"name\":\"Le Comptoir du Miel\",\"description\":\"Miels sauvages de France et du monde depuis 1987\",\"publisher\":{\"@id\":\"https:\/\/www.lecomptoirdumiel.com\/en\/#organization\"},\"potentialAction\":[{\"@type\":\"SearchAction\",\"target\":{\"@type\":\"EntryPoint\",\"urlTemplate\":\"https:\/\/www.lecomptoirdumiel.com\/en\/?s={search_term_string}\"},\"query-input\":{\"@type\":\"PropertyValueSpecification\",\"valueRequired\":true,\"valueName\":\"search_term_string\"}}],\"inLanguage\":\"en-US\"},{\"@type\":\"Organization\",\"@id\":\"https:\/\/www.lecomptoirdumiel.com\/en\/#organization\",\"name\":\"Le Comptoir du Miel\",\"url\":\"https:\/\/www.lecomptoirdumiel.com\/en\/\",\"logo\":{\"@type\":\"ImageObject\",\"inLanguage\":\"en-US\",\"@id\":\"https:\/\/www.lecomptoirdumiel.com\/en\/#\/schema\/logo\/image\/\",\"url\":\"https:\/\/www.lecomptoirdumiel.com\/wp-content\/uploads\/2021\/11\/logo-site.svg\",\"contentUrl\":\"https:\/\/www.lecomptoirdumiel.com\/wp-content\/uploads\/2021\/11\/logo-site.svg\",\"width\":350,\"height\":100,\"caption\":\"Le Comptoir du Miel\"},\"image\":{\"@id\":\"https:\/\/www.lecomptoirdumiel.com\/en\/#\/schema\/logo\/image\/\"}}]}<\/script>\n<!-- \/ Yoast SEO plugin. -->","yoast_head_json":{"title":"Organic lavender honey | Lecomptoirdumiel.com","description":"Our organic lavender honey is harvested in the Dr\u00f4me. Its very fine natural crystallization releases a pleasant lavender taste in the mouth.","robots":{"index":"index","follow":"follow","max-snippet":"max-snippet:-1","max-image-preview":"max-image-preview:large","max-video-preview":"max-video-preview:-1"},"canonical":"https:\/\/www.lecomptoirdumiel.com\/en\/produit\/organic-lavender-honey\/","og_locale":"en_US","og_type":"article","og_title":"Organic lavender honey | Lecomptoirdumiel.com","og_description":"Our organic lavender honey is harvested in the Dr\u00f4me. Its very fine natural crystallization releases a pleasant lavender taste in the mouth.","og_url":"https:\/\/www.lecomptoirdumiel.com\/en\/produit\/organic-lavender-honey\/","og_site_name":"Le Comptoir du Miel","article_modified_time":"2026-01-26T22:57:10+00:00","og_image":[{"width":450,"height":600,"url":"https:\/\/www.lecomptoirdumiel.com\/wp-content\/uploads\/2022\/12\/miel-lavande-bio-1.png","type":"image\/png"}],"twitter_card":"summary_large_image","schema":{"@context":"https:\/\/schema.org","@graph":[{"@type":"WebPage","@id":"https:\/\/www.lecomptoirdumiel.com\/en\/produit\/organic-lavender-honey\/","url":"https:\/\/www.lecomptoirdumiel.com\/en\/produit\/organic-lavender-honey\/","name":"Organic lavender honey | Lecomptoirdumiel.com","isPartOf":{"@id":"https:\/\/www.lecomptoirdumiel.com\/en\/#website"},"primaryImageOfPage":{"@id":"https:\/\/www.lecomptoirdumiel.com\/en\/produit\/organic-lavender-honey\/#primaryimage"},"image":{"@id":"https:\/\/www.lecomptoirdumiel.com\/en\/produit\/organic-lavender-honey\/#primaryimage"},"thumbnailUrl":"https:\/\/www.lecomptoirdumiel.com\/wp-content\/uploads\/2022\/12\/miel-lavande-bio-1.png","datePublished":"2022-12-05T16:47:43+00:00","dateModified":"2026-01-26T22:57:10+00:00","description":"Our organic lavender honey is harvested in the Dr\u00f4me. Its very fine natural crystallization releases a pleasant lavender taste in the mouth.","breadcrumb":{"@id":"https:\/\/www.lecomptoirdumiel.com\/en\/produit\/organic-lavender-honey\/#breadcrumb"},"inLanguage":"en-US","potentialAction":[{"@type":"ReadAction","target":["https:\/\/www.lecomptoirdumiel.com\/en\/produit\/organic-lavender-honey\/"]}]},{"@type":"ImageObject","inLanguage":"en-US","@id":"https:\/\/www.lecomptoirdumiel.com\/en\/produit\/organic-lavender-honey\/#primaryimage","url":"https:\/\/www.lecomptoirdumiel.com\/wp-content\/uploads\/2022\/12\/miel-lavande-bio-1.png","contentUrl":"https:\/\/www.lecomptoirdumiel.com\/wp-content\/uploads\/2022\/12\/miel-lavande-bio-1.png","width":450,"height":600,"caption":"Organic lavender honey, Comptoir du Miel"},{"@type":"BreadcrumbList","@id":"https:\/\/www.lecomptoirdumiel.com\/en\/produit\/organic-lavender-honey\/#breadcrumb","itemListElement":[{"@type":"ListItem","position":1,"name":"Accueil","item":"https:\/\/www.lecomptoirdumiel.com\/en\/home\/"},{"@type":"ListItem","position":2,"name":"Shop","item":"https:\/\/www.lecomptoirdumiel.com\/en\/shop\/"},{"@type":"ListItem","position":3,"name":"Organic Lavender Honey"}]},{"@type":"WebSite","@id":"https:\/\/www.lecomptoirdumiel.com\/en\/#website","url":"https:\/\/www.lecomptoirdumiel.com\/en\/","name":"Le Comptoir du Miel","description":"Miels sauvages de France et du monde depuis 1987","publisher":{"@id":"https:\/\/www.lecomptoirdumiel.com\/en\/#organization"},"potentialAction":[{"@type":"SearchAction","target":{"@type":"EntryPoint","urlTemplate":"https:\/\/www.lecomptoirdumiel.com\/en\/?s={search_term_string}"},"query-input":{"@type":"PropertyValueSpecification","valueRequired":true,"valueName":"search_term_string"}}],"inLanguage":"en-US"},{"@type":"Organization","@id":"https:\/\/www.lecomptoirdumiel.com\/en\/#organization","name":"Le Comptoir du Miel","url":"https:\/\/www.lecomptoirdumiel.com\/en\/","logo":{"@type":"ImageObject","inLanguage":"en-US","@id":"https:\/\/www.lecomptoirdumiel.com\/en\/#\/schema\/logo\/image\/","url":"https:\/\/www.lecomptoirdumiel.com\/wp-content\/uploads\/2021\/11\/logo-site.svg","contentUrl":"https:\/\/www.lecomptoirdumiel.com\/wp-content\/uploads\/2021\/11\/logo-site.svg","width":350,"height":100,"caption":"Le Comptoir du Miel"},"image":{"@id":"https:\/\/www.lecomptoirdumiel.com\/en\/#\/schema\/logo\/image\/"}}]}},"jetpack_publicize_connections":[],"jetpack_sharing_enabled":true,"jetpack_likes_enabled":false,"_links":{"self":[{"href":"https:\/\/www.lecomptoirdumiel.com\/en\/wp-json\/wp\/v2\/product\/17781","targetHints":{"allow":["GET"]}}],"collection":[{"href":"https:\/\/www.lecomptoirdumiel.com\/en\/wp-json\/wp\/v2\/product"}],"about":[{"href":"https:\/\/www.lecomptoirdumiel.com\/en\/wp-json\/wp\/v2\/types\/product"}],"replies":[{"embeddable":true,"href":"https:\/\/www.lecomptoirdumiel.com\/en\/wp-json\/wp\/v2\/comments?post=17781"}],"wp:featuredmedia":[{"embeddable":true,"href":"https:\/\/www.lecomptoirdumiel.com\/en\/wp-json\/wp\/v2\/media\/16973"}],"wp:attachment":[{"href":"https:\/\/www.lecomptoirdumiel.com\/en\/wp-json\/wp\/v2\/media?parent=17781"}],"wp:term":[{"taxonomy":"product_brand","embeddable":true,"href":"https:\/\/www.lecomptoirdumiel.com\/en\/wp-json\/wp\/v2\/product_brand?post=17781"},{"taxonomy":"product_cat","embeddable":true,"href":"https:\/\/www.lecomptoirdumiel.com\/en\/wp-json\/wp\/v2\/product_cat?post=17781"},{"taxonomy":"product_tag","embeddable":true,"href":"https:\/\/www.lecomptoirdumiel.com\/en\/wp-json\/wp\/v2\/product_tag?post=17781"}],"curies":[{"name":"wp","href":"https:\/\/api.w.org\/{rel}","templated":true}]}}