{"id":17708,"date":"2024-08-02T16:46:16","date_gmt":"2024-08-02T14:46:16","guid":{"rendered":"https:\/\/www.lecomptoirdumiel.com\/produit\/organic-beekeepers-balm\/"},"modified":"2024-08-02T16:46:16","modified_gmt":"2024-08-02T14:46:16","slug":"organic-beekeepers-balm","status":"publish","type":"product","link":"https:\/\/www.lecomptoirdumiel.com\/en\/produit\/organic-beekeepers-balm\/","title":{"rendered":"Organic Beekeeper&#8217;s Balm"},"content":{"rendered":"<p>GLOSS de l&#8217;apicultrice lip balm is made with ultra-fine operculum wax and heather honey, harvested using gentle beekeeping methods. It leaves your lips naturally satin-smooth and regenerated. <\/p>\n<p>Give your lips a satiny, protective gloss effect, summer and winter alike.<\/p>\n<p>This beauty treatment, with noble active ingredients from the beehive, is enriched with plants from our mountains. It nourishes, beautifies and tones lips. <\/p>\n","protected":false},"excerpt":{"rendered":"<p>Baume de l&#8217;apicultrice l\u00e8vres magnifiques from the Ballot-Flurin ORGANIC range is made, like all Ballot-Flurin products, in the Hautes-Pyr\u00e9n\u00e9es.<\/p>\n<p>Composition: sunflower oil, ultra-fine beeswax 28%, heather honey 5%, apricot kernel oil, elixir of the hive, royal jelly 0.5%, oily extract of St. John&#8217;s wort, gentian extract, edelweiss extract.<\/p>\n<p>15ML jar<\/p>\n","protected":false},"featured_media":17556,"comment_status":"open","ping_status":"closed","template":"","meta":{"jetpack_publicize_message":"","jetpack_publicize_feature_enabled":true,"jetpack_social_post_already_shared":true,"jetpack_social_options":{"image_generator_settings":{"template":"highway","default_image_id":0,"font":"","enabled":false},"version":2}},"product_brand":[],"product_cat":[257,259,269],"product_tag":[],"class_list":{"0":"post-17708","1":"product","2":"type-product","3":"status-publish","4":"has-post-thumbnail","6":"product_cat-apitherapy-and-well-being","7":"product_cat-body-care","8":"product_cat-our-propolis-products","10":"first","11":"instock","12":"taxable","13":"shipping-taxable","14":"purchasable","15":"product-type-simple"},"yoast_head":"<!-- This site is optimized with the Yoast SEO plugin v27.2 - https:\/\/yoast.com\/product\/yoast-seo-wordpress\/ -->\n<title>Baume de l&#039;apicultrice | lecomptoirdumiel.com<\/title>\n<meta name=\"description\" content=\"Le comptoir du Miel presents Baume de l&#039;apicultrice l\u00e8vres magnifiques by Ballot-Flurin, made from beeswax, honey and plants.\" \/>\n<meta name=\"robots\" content=\"index, follow, max-snippet:-1, max-image-preview:large, max-video-preview:-1\" \/>\n<link rel=\"canonical\" href=\"https:\/\/www.lecomptoirdumiel.com\/en\/produit\/organic-beekeepers-balm\/\" \/>\n<meta property=\"og:locale\" content=\"en_US\" \/>\n<meta property=\"og:type\" content=\"article\" \/>\n<meta property=\"og:title\" content=\"Baume de l&#039;apicultrice | lecomptoirdumiel.com\" \/>\n<meta property=\"og:description\" content=\"Le comptoir du Miel presents Baume de l&#039;apicultrice l\u00e8vres magnifiques by Ballot-Flurin, made from beeswax, honey and plants.\" \/>\n<meta property=\"og:url\" content=\"https:\/\/www.lecomptoirdumiel.com\/en\/produit\/organic-beekeepers-balm\/\" \/>\n<meta property=\"og:site_name\" content=\"Le Comptoir du Miel\" \/>\n<meta property=\"og:image\" content=\"https:\/\/www.lecomptoirdumiel.com\/wp-content\/uploads\/2024\/04\/baume-apiculture-ballot.png\" \/>\n\t<meta property=\"og:image:width\" content=\"450\" \/>\n\t<meta property=\"og:image:height\" content=\"600\" \/>\n\t<meta property=\"og:image:type\" content=\"image\/png\" \/>\n<meta name=\"twitter:card\" content=\"summary_large_image\" \/>\n<script type=\"application\/ld+json\" class=\"yoast-schema-graph\">{\"@context\":\"https:\/\/schema.org\",\"@graph\":[{\"@type\":\"WebPage\",\"@id\":\"https:\/\/www.lecomptoirdumiel.com\/en\/produit\/organic-beekeepers-balm\/\",\"url\":\"https:\/\/www.lecomptoirdumiel.com\/en\/produit\/organic-beekeepers-balm\/\",\"name\":\"Baume de l'apicultrice | lecomptoirdumiel.com\",\"isPartOf\":{\"@id\":\"https:\/\/www.lecomptoirdumiel.com\/en\/#website\"},\"primaryImageOfPage\":{\"@id\":\"https:\/\/www.lecomptoirdumiel.com\/en\/produit\/organic-beekeepers-balm\/#primaryimage\"},\"image\":{\"@id\":\"https:\/\/www.lecomptoirdumiel.com\/en\/produit\/organic-beekeepers-balm\/#primaryimage\"},\"thumbnailUrl\":\"https:\/\/www.lecomptoirdumiel.com\/wp-content\/uploads\/2024\/04\/baume-apiculture-ballot.png\",\"datePublished\":\"2024-08-02T14:46:16+00:00\",\"description\":\"Le comptoir du Miel presents Baume de l'apicultrice l\u00e8vres magnifiques by Ballot-Flurin, made from beeswax, honey and plants.\",\"breadcrumb\":{\"@id\":\"https:\/\/www.lecomptoirdumiel.com\/en\/produit\/organic-beekeepers-balm\/#breadcrumb\"},\"inLanguage\":\"en-US\",\"potentialAction\":[{\"@type\":\"ReadAction\",\"target\":[\"https:\/\/www.lecomptoirdumiel.com\/en\/produit\/organic-beekeepers-balm\/\"]}]},{\"@type\":\"ImageObject\",\"inLanguage\":\"en-US\",\"@id\":\"https:\/\/www.lecomptoirdumiel.com\/en\/produit\/organic-beekeepers-balm\/#primaryimage\",\"url\":\"https:\/\/www.lecomptoirdumiel.com\/wp-content\/uploads\/2024\/04\/baume-apiculture-ballot.png\",\"contentUrl\":\"https:\/\/www.lecomptoirdumiel.com\/wp-content\/uploads\/2024\/04\/baume-apiculture-ballot.png\",\"width\":450,\"height\":600,\"caption\":\"Baume de l'Apicultrice bio, Comptoir du Miel\"},{\"@type\":\"BreadcrumbList\",\"@id\":\"https:\/\/www.lecomptoirdumiel.com\/en\/produit\/organic-beekeepers-balm\/#breadcrumb\",\"itemListElement\":[{\"@type\":\"ListItem\",\"position\":1,\"name\":\"Accueil\",\"item\":\"https:\/\/www.lecomptoirdumiel.com\/en\/home\/\"},{\"@type\":\"ListItem\",\"position\":2,\"name\":\"Shop\",\"item\":\"https:\/\/www.lecomptoirdumiel.com\/en\/shop\/\"},{\"@type\":\"ListItem\",\"position\":3,\"name\":\"Organic Beekeeper&#8217;s Balm\"}]},{\"@type\":\"WebSite\",\"@id\":\"https:\/\/www.lecomptoirdumiel.com\/en\/#website\",\"url\":\"https:\/\/www.lecomptoirdumiel.com\/en\/\",\"name\":\"Le Comptoir du Miel\",\"description\":\"Miels sauvages de France et du monde depuis 1987\",\"publisher\":{\"@id\":\"https:\/\/www.lecomptoirdumiel.com\/en\/#organization\"},\"potentialAction\":[{\"@type\":\"SearchAction\",\"target\":{\"@type\":\"EntryPoint\",\"urlTemplate\":\"https:\/\/www.lecomptoirdumiel.com\/en\/?s={search_term_string}\"},\"query-input\":{\"@type\":\"PropertyValueSpecification\",\"valueRequired\":true,\"valueName\":\"search_term_string\"}}],\"inLanguage\":\"en-US\"},{\"@type\":\"Organization\",\"@id\":\"https:\/\/www.lecomptoirdumiel.com\/en\/#organization\",\"name\":\"Le Comptoir du Miel\",\"url\":\"https:\/\/www.lecomptoirdumiel.com\/en\/\",\"logo\":{\"@type\":\"ImageObject\",\"inLanguage\":\"en-US\",\"@id\":\"https:\/\/www.lecomptoirdumiel.com\/en\/#\/schema\/logo\/image\/\",\"url\":\"https:\/\/www.lecomptoirdumiel.com\/wp-content\/uploads\/2021\/11\/logo-site.svg\",\"contentUrl\":\"https:\/\/www.lecomptoirdumiel.com\/wp-content\/uploads\/2021\/11\/logo-site.svg\",\"width\":350,\"height\":100,\"caption\":\"Le Comptoir du Miel\"},\"image\":{\"@id\":\"https:\/\/www.lecomptoirdumiel.com\/en\/#\/schema\/logo\/image\/\"}}]}<\/script>\n<!-- \/ Yoast SEO plugin. -->","yoast_head_json":{"title":"Baume de l'apicultrice | lecomptoirdumiel.com","description":"Le comptoir du Miel presents Baume de l'apicultrice l\u00e8vres magnifiques by Ballot-Flurin, made from beeswax, honey and plants.","robots":{"index":"index","follow":"follow","max-snippet":"max-snippet:-1","max-image-preview":"max-image-preview:large","max-video-preview":"max-video-preview:-1"},"canonical":"https:\/\/www.lecomptoirdumiel.com\/en\/produit\/organic-beekeepers-balm\/","og_locale":"en_US","og_type":"article","og_title":"Baume de l'apicultrice | lecomptoirdumiel.com","og_description":"Le comptoir du Miel presents Baume de l'apicultrice l\u00e8vres magnifiques by Ballot-Flurin, made from beeswax, honey and plants.","og_url":"https:\/\/www.lecomptoirdumiel.com\/en\/produit\/organic-beekeepers-balm\/","og_site_name":"Le Comptoir du Miel","og_image":[{"width":450,"height":600,"url":"https:\/\/www.lecomptoirdumiel.com\/wp-content\/uploads\/2024\/04\/baume-apiculture-ballot.png","type":"image\/png"}],"twitter_card":"summary_large_image","schema":{"@context":"https:\/\/schema.org","@graph":[{"@type":"WebPage","@id":"https:\/\/www.lecomptoirdumiel.com\/en\/produit\/organic-beekeepers-balm\/","url":"https:\/\/www.lecomptoirdumiel.com\/en\/produit\/organic-beekeepers-balm\/","name":"Baume de l'apicultrice | lecomptoirdumiel.com","isPartOf":{"@id":"https:\/\/www.lecomptoirdumiel.com\/en\/#website"},"primaryImageOfPage":{"@id":"https:\/\/www.lecomptoirdumiel.com\/en\/produit\/organic-beekeepers-balm\/#primaryimage"},"image":{"@id":"https:\/\/www.lecomptoirdumiel.com\/en\/produit\/organic-beekeepers-balm\/#primaryimage"},"thumbnailUrl":"https:\/\/www.lecomptoirdumiel.com\/wp-content\/uploads\/2024\/04\/baume-apiculture-ballot.png","datePublished":"2024-08-02T14:46:16+00:00","description":"Le comptoir du Miel presents Baume de l'apicultrice l\u00e8vres magnifiques by Ballot-Flurin, made from beeswax, honey and plants.","breadcrumb":{"@id":"https:\/\/www.lecomptoirdumiel.com\/en\/produit\/organic-beekeepers-balm\/#breadcrumb"},"inLanguage":"en-US","potentialAction":[{"@type":"ReadAction","target":["https:\/\/www.lecomptoirdumiel.com\/en\/produit\/organic-beekeepers-balm\/"]}]},{"@type":"ImageObject","inLanguage":"en-US","@id":"https:\/\/www.lecomptoirdumiel.com\/en\/produit\/organic-beekeepers-balm\/#primaryimage","url":"https:\/\/www.lecomptoirdumiel.com\/wp-content\/uploads\/2024\/04\/baume-apiculture-ballot.png","contentUrl":"https:\/\/www.lecomptoirdumiel.com\/wp-content\/uploads\/2024\/04\/baume-apiculture-ballot.png","width":450,"height":600,"caption":"Baume de l'Apicultrice bio, Comptoir du Miel"},{"@type":"BreadcrumbList","@id":"https:\/\/www.lecomptoirdumiel.com\/en\/produit\/organic-beekeepers-balm\/#breadcrumb","itemListElement":[{"@type":"ListItem","position":1,"name":"Accueil","item":"https:\/\/www.lecomptoirdumiel.com\/en\/home\/"},{"@type":"ListItem","position":2,"name":"Shop","item":"https:\/\/www.lecomptoirdumiel.com\/en\/shop\/"},{"@type":"ListItem","position":3,"name":"Organic Beekeeper&#8217;s Balm"}]},{"@type":"WebSite","@id":"https:\/\/www.lecomptoirdumiel.com\/en\/#website","url":"https:\/\/www.lecomptoirdumiel.com\/en\/","name":"Le Comptoir du Miel","description":"Miels sauvages de France et du monde depuis 1987","publisher":{"@id":"https:\/\/www.lecomptoirdumiel.com\/en\/#organization"},"potentialAction":[{"@type":"SearchAction","target":{"@type":"EntryPoint","urlTemplate":"https:\/\/www.lecomptoirdumiel.com\/en\/?s={search_term_string}"},"query-input":{"@type":"PropertyValueSpecification","valueRequired":true,"valueName":"search_term_string"}}],"inLanguage":"en-US"},{"@type":"Organization","@id":"https:\/\/www.lecomptoirdumiel.com\/en\/#organization","name":"Le Comptoir du Miel","url":"https:\/\/www.lecomptoirdumiel.com\/en\/","logo":{"@type":"ImageObject","inLanguage":"en-US","@id":"https:\/\/www.lecomptoirdumiel.com\/en\/#\/schema\/logo\/image\/","url":"https:\/\/www.lecomptoirdumiel.com\/wp-content\/uploads\/2021\/11\/logo-site.svg","contentUrl":"https:\/\/www.lecomptoirdumiel.com\/wp-content\/uploads\/2021\/11\/logo-site.svg","width":350,"height":100,"caption":"Le Comptoir du Miel"},"image":{"@id":"https:\/\/www.lecomptoirdumiel.com\/en\/#\/schema\/logo\/image\/"}}]}},"jetpack_publicize_connections":[],"jetpack_sharing_enabled":true,"jetpack_likes_enabled":false,"_links":{"self":[{"href":"https:\/\/www.lecomptoirdumiel.com\/en\/wp-json\/wp\/v2\/product\/17708","targetHints":{"allow":["GET"]}}],"collection":[{"href":"https:\/\/www.lecomptoirdumiel.com\/en\/wp-json\/wp\/v2\/product"}],"about":[{"href":"https:\/\/www.lecomptoirdumiel.com\/en\/wp-json\/wp\/v2\/types\/product"}],"replies":[{"embeddable":true,"href":"https:\/\/www.lecomptoirdumiel.com\/en\/wp-json\/wp\/v2\/comments?post=17708"}],"wp:featuredmedia":[{"embeddable":true,"href":"https:\/\/www.lecomptoirdumiel.com\/en\/wp-json\/wp\/v2\/media\/17556"}],"wp:attachment":[{"href":"https:\/\/www.lecomptoirdumiel.com\/en\/wp-json\/wp\/v2\/media?parent=17708"}],"wp:term":[{"taxonomy":"product_brand","embeddable":true,"href":"https:\/\/www.lecomptoirdumiel.com\/en\/wp-json\/wp\/v2\/product_brand?post=17708"},{"taxonomy":"product_cat","embeddable":true,"href":"https:\/\/www.lecomptoirdumiel.com\/en\/wp-json\/wp\/v2\/product_cat?post=17708"},{"taxonomy":"product_tag","embeddable":true,"href":"https:\/\/www.lecomptoirdumiel.com\/en\/wp-json\/wp\/v2\/product_tag?post=17708"}],"curies":[{"name":"wp","href":"https:\/\/api.w.org\/{rel}","templated":true}]}}