{"id":17640,"date":"2023-12-12T16:20:22","date_gmt":"2023-12-12T15:20:22","guid":{"rendered":"https:\/\/www.lecomptoirdumiel.com\/produit\/stimulo-systeme-honey-pollen-royal-jelly\/"},"modified":"2023-12-12T16:20:22","modified_gmt":"2023-12-12T15:20:22","slug":"stimulo-systeme-honey-pollen-royal-jelly","status":"publish","type":"product","link":"https:\/\/www.lecomptoirdumiel.com\/en\/produit\/stimulo-systeme-honey-pollen-royal-jelly\/","title":{"rendered":"Stimulo-Syst\u00e8me Honey, Pollen, Royal Jelly"},"content":{"rendered":"<p>Our exclusive preparation is based on an exquisite blend, composed mainly of <a href=\"https:\/\/www.lecomptoirdumiel.com\/produit\/miel-de-fleurs-sauvages-de-france\/\"><strong>flower honey<\/strong><\/a> at over 97%. Flower honey, carefully harvested in the wilds of Northern Spain, more precisely in the region of <a href=\"https:\/\/www.spain.info\/fr\/region\/aragon\/\"><strong>Aragon<\/strong><\/a>offers a wealth of subtle flavours and an abundance of health benefits. <\/p>\n<p>This golden nectar is combined with 2% pollen, a natural source of vitality. In fact <a href=\"https:\/\/www.lecomptoirdumiel.com\/produit\/pollen-frais-riche-en-fibre\/\"><strong>pollen<\/strong> <\/a>plays an essential role in providing vitamins from the B and P groups, boosting the body&#8217;s immune defenses. Its valuable contribution of nutrients makes it an ideal ally for maintaining optimal nutritional balance.  <\/p>\n<p>Further enriching our preparation, royal jelly, a treasure from the hive, enters the scene. Known for its regenerative properties, royal jelly promotes cell revitalization and helps maintain the body&#8217;s natural defenses. It adds an extra dimension to our elixir of well-being, offering a powerful synergy for overall health.  <\/p>\n<p>All this is made possible by our legendary beekeeper, based in the wild landscapes of Aragon. He brings his expertise and dedication to the harvesting of our thyme honey, as well as to the creation of this exceptional elixir. Every drop of our preparation embodies the very essence of nature, captured and preserved to offer you an incomparable experience of well-being.  <\/p>\n","protected":false},"excerpt":{"rendered":"<p>Stimulo-syst\u00e8me is a preparation based on 97% blossom honey, 2% pollen and 0.6% royal jelly. This preparation helps stimulate the immune system. One teaspoonful to be taken every morning as a 3-week course of treatment.  <\/p>\n","protected":false},"featured_media":17498,"comment_status":"open","ping_status":"closed","template":"","meta":{"jetpack_publicize_message":"","jetpack_publicize_feature_enabled":true,"jetpack_social_post_already_shared":true,"jetpack_social_options":{"image_generator_settings":{"template":"highway","default_image_id":0,"font":"","enabled":false},"version":2}},"product_brand":[],"product_cat":[255,257,268,266,267,269,264,263,262,265],"product_tag":[],"class_list":{"0":"post-17640","1":"product","2":"type-product","3":"status-publish","4":"has-post-thumbnail","6":"product_cat-all-our-honeys","7":"product_cat-apitherapy-and-well-being","8":"product_cat-honeys-from-neighboring-countries","9":"product_cat-honeys-used-for-general-well-being","10":"product_cat-origin","11":"product_cat-our-propolis-products","12":"product_cat-polyfloral-honeys","13":"product_cat-traditional-honeys","14":"product_cat-type-of-honey","15":"product_cat-use","17":"first","18":"instock","19":"taxable","20":"shipping-taxable","21":"purchasable","22":"product-type-variable"},"yoast_head":"<!-- This site is optimized with the Yoast SEO plugin v27.3 - https:\/\/yoast.com\/product\/yoast-seo-wordpress\/ -->\n<title>Stimulo-Syst\u00e8me honey pollen royal jelly | Lecomptoirdumiel.com<\/title>\n<meta name=\"description\" content=\"Stimulo-syst\u00e8me pollen gel\u00e9e royale is a preparation based on honey, pollen and royal jelly to help boost the immune system.\" \/>\n<meta name=\"robots\" content=\"index, follow, max-snippet:-1, max-image-preview:large, max-video-preview:-1\" \/>\n<link rel=\"canonical\" href=\"https:\/\/www.lecomptoirdumiel.com\/en\/produit\/stimulo-systeme-honey-pollen-royal-jelly\/\" \/>\n<meta property=\"og:locale\" content=\"en_US\" \/>\n<meta property=\"og:type\" content=\"article\" \/>\n<meta property=\"og:title\" content=\"Stimulo-Syst\u00e8me honey pollen royal jelly | Lecomptoirdumiel.com\" \/>\n<meta property=\"og:description\" content=\"Stimulo-syst\u00e8me pollen gel\u00e9e royale is a preparation based on honey, pollen and royal jelly to help boost the immune system.\" \/>\n<meta property=\"og:url\" content=\"https:\/\/www.lecomptoirdumiel.com\/en\/produit\/stimulo-systeme-honey-pollen-royal-jelly\/\" \/>\n<meta property=\"og:site_name\" content=\"Le Comptoir du Miel\" \/>\n<meta property=\"og:image\" content=\"https:\/\/www.lecomptoirdumiel.com\/wp-content\/uploads\/2023\/12\/stimulo-systeme-pollen-gelee-royale.png\" \/>\n\t<meta property=\"og:image:width\" content=\"450\" \/>\n\t<meta property=\"og:image:height\" content=\"600\" \/>\n\t<meta property=\"og:image:type\" content=\"image\/png\" \/>\n<meta name=\"twitter:card\" content=\"summary_large_image\" \/>\n<script type=\"application\/ld+json\" class=\"yoast-schema-graph\">{\"@context\":\"https:\\\/\\\/schema.org\",\"@graph\":[{\"@type\":\"WebPage\",\"@id\":\"https:\\\/\\\/www.lecomptoirdumiel.com\\\/en\\\/produit\\\/stimulo-systeme-honey-pollen-royal-jelly\\\/\",\"url\":\"https:\\\/\\\/www.lecomptoirdumiel.com\\\/en\\\/produit\\\/stimulo-systeme-honey-pollen-royal-jelly\\\/\",\"name\":\"Stimulo-Syst\u00e8me honey pollen royal jelly | Lecomptoirdumiel.com\",\"isPartOf\":{\"@id\":\"https:\\\/\\\/www.lecomptoirdumiel.com\\\/en\\\/#website\"},\"primaryImageOfPage\":{\"@id\":\"https:\\\/\\\/www.lecomptoirdumiel.com\\\/en\\\/produit\\\/stimulo-systeme-honey-pollen-royal-jelly\\\/#primaryimage\"},\"image\":{\"@id\":\"https:\\\/\\\/www.lecomptoirdumiel.com\\\/en\\\/produit\\\/stimulo-systeme-honey-pollen-royal-jelly\\\/#primaryimage\"},\"thumbnailUrl\":\"https:\\\/\\\/www.lecomptoirdumiel.com\\\/wp-content\\\/uploads\\\/2023\\\/12\\\/stimulo-systeme-pollen-gelee-royale.png\",\"datePublished\":\"2023-12-12T15:20:22+00:00\",\"description\":\"Stimulo-syst\u00e8me pollen gel\u00e9e royale is a preparation based on honey, pollen and royal jelly to help boost the immune system.\",\"breadcrumb\":{\"@id\":\"https:\\\/\\\/www.lecomptoirdumiel.com\\\/en\\\/produit\\\/stimulo-systeme-honey-pollen-royal-jelly\\\/#breadcrumb\"},\"inLanguage\":\"en-US\",\"potentialAction\":[{\"@type\":\"ReadAction\",\"target\":[\"https:\\\/\\\/www.lecomptoirdumiel.com\\\/en\\\/produit\\\/stimulo-systeme-honey-pollen-royal-jelly\\\/\"]}]},{\"@type\":\"ImageObject\",\"inLanguage\":\"en-US\",\"@id\":\"https:\\\/\\\/www.lecomptoirdumiel.com\\\/en\\\/produit\\\/stimulo-systeme-honey-pollen-royal-jelly\\\/#primaryimage\",\"url\":\"https:\\\/\\\/www.lecomptoirdumiel.com\\\/wp-content\\\/uploads\\\/2023\\\/12\\\/stimulo-systeme-pollen-gelee-royale.png\",\"contentUrl\":\"https:\\\/\\\/www.lecomptoirdumiel.com\\\/wp-content\\\/uploads\\\/2023\\\/12\\\/stimulo-systeme-pollen-gelee-royale.png\",\"width\":450,\"height\":600,\"caption\":\"Stimulo-Syst\u00e8me Pollen, Royal Jelly, le Comptoir du Miel\"},{\"@type\":\"BreadcrumbList\",\"@id\":\"https:\\\/\\\/www.lecomptoirdumiel.com\\\/en\\\/produit\\\/stimulo-systeme-honey-pollen-royal-jelly\\\/#breadcrumb\",\"itemListElement\":[{\"@type\":\"ListItem\",\"position\":1,\"name\":\"Accueil\",\"item\":\"https:\\\/\\\/www.lecomptoirdumiel.com\\\/en\\\/home\\\/\"},{\"@type\":\"ListItem\",\"position\":2,\"name\":\"Shop\",\"item\":\"https:\\\/\\\/www.lecomptoirdumiel.com\\\/en\\\/shop\\\/\"},{\"@type\":\"ListItem\",\"position\":3,\"name\":\"Stimulo-Syst\u00e8me Honey, Pollen, Royal Jelly\"}]},{\"@type\":\"WebSite\",\"@id\":\"https:\\\/\\\/www.lecomptoirdumiel.com\\\/en\\\/#website\",\"url\":\"https:\\\/\\\/www.lecomptoirdumiel.com\\\/en\\\/\",\"name\":\"Le Comptoir du Miel\",\"description\":\"Miels sauvages de France et du monde depuis 1987\",\"publisher\":{\"@id\":\"https:\\\/\\\/www.lecomptoirdumiel.com\\\/en\\\/#organization\"},\"potentialAction\":[{\"@type\":\"SearchAction\",\"target\":{\"@type\":\"EntryPoint\",\"urlTemplate\":\"https:\\\/\\\/www.lecomptoirdumiel.com\\\/en\\\/?s={search_term_string}\"},\"query-input\":{\"@type\":\"PropertyValueSpecification\",\"valueRequired\":true,\"valueName\":\"search_term_string\"}}],\"inLanguage\":\"en-US\"},{\"@type\":\"Organization\",\"@id\":\"https:\\\/\\\/www.lecomptoirdumiel.com\\\/en\\\/#organization\",\"name\":\"Le Comptoir du Miel\",\"url\":\"https:\\\/\\\/www.lecomptoirdumiel.com\\\/en\\\/\",\"logo\":{\"@type\":\"ImageObject\",\"inLanguage\":\"en-US\",\"@id\":\"https:\\\/\\\/www.lecomptoirdumiel.com\\\/en\\\/#\\\/schema\\\/logo\\\/image\\\/\",\"url\":\"https:\\\/\\\/www.lecomptoirdumiel.com\\\/wp-content\\\/uploads\\\/2021\\\/11\\\/logo-site.svg\",\"contentUrl\":\"https:\\\/\\\/www.lecomptoirdumiel.com\\\/wp-content\\\/uploads\\\/2021\\\/11\\\/logo-site.svg\",\"width\":350,\"height\":100,\"caption\":\"Le Comptoir du Miel\"},\"image\":{\"@id\":\"https:\\\/\\\/www.lecomptoirdumiel.com\\\/en\\\/#\\\/schema\\\/logo\\\/image\\\/\"}}]}<\/script>\n<!-- \/ Yoast SEO plugin. -->","yoast_head_json":{"title":"Stimulo-Syst\u00e8me honey pollen royal jelly | Lecomptoirdumiel.com","description":"Stimulo-syst\u00e8me pollen gel\u00e9e royale is a preparation based on honey, pollen and royal jelly to help boost the immune system.","robots":{"index":"index","follow":"follow","max-snippet":"max-snippet:-1","max-image-preview":"max-image-preview:large","max-video-preview":"max-video-preview:-1"},"canonical":"https:\/\/www.lecomptoirdumiel.com\/en\/produit\/stimulo-systeme-honey-pollen-royal-jelly\/","og_locale":"en_US","og_type":"article","og_title":"Stimulo-Syst\u00e8me honey pollen royal jelly | Lecomptoirdumiel.com","og_description":"Stimulo-syst\u00e8me pollen gel\u00e9e royale is a preparation based on honey, pollen and royal jelly to help boost the immune system.","og_url":"https:\/\/www.lecomptoirdumiel.com\/en\/produit\/stimulo-systeme-honey-pollen-royal-jelly\/","og_site_name":"Le Comptoir du Miel","og_image":[{"width":450,"height":600,"url":"https:\/\/www.lecomptoirdumiel.com\/wp-content\/uploads\/2023\/12\/stimulo-systeme-pollen-gelee-royale.png","type":"image\/png"}],"twitter_card":"summary_large_image","schema":{"@context":"https:\/\/schema.org","@graph":[{"@type":"WebPage","@id":"https:\/\/www.lecomptoirdumiel.com\/en\/produit\/stimulo-systeme-honey-pollen-royal-jelly\/","url":"https:\/\/www.lecomptoirdumiel.com\/en\/produit\/stimulo-systeme-honey-pollen-royal-jelly\/","name":"Stimulo-Syst\u00e8me honey pollen royal jelly | Lecomptoirdumiel.com","isPartOf":{"@id":"https:\/\/www.lecomptoirdumiel.com\/en\/#website"},"primaryImageOfPage":{"@id":"https:\/\/www.lecomptoirdumiel.com\/en\/produit\/stimulo-systeme-honey-pollen-royal-jelly\/#primaryimage"},"image":{"@id":"https:\/\/www.lecomptoirdumiel.com\/en\/produit\/stimulo-systeme-honey-pollen-royal-jelly\/#primaryimage"},"thumbnailUrl":"https:\/\/www.lecomptoirdumiel.com\/wp-content\/uploads\/2023\/12\/stimulo-systeme-pollen-gelee-royale.png","datePublished":"2023-12-12T15:20:22+00:00","description":"Stimulo-syst\u00e8me pollen gel\u00e9e royale is a preparation based on honey, pollen and royal jelly to help boost the immune system.","breadcrumb":{"@id":"https:\/\/www.lecomptoirdumiel.com\/en\/produit\/stimulo-systeme-honey-pollen-royal-jelly\/#breadcrumb"},"inLanguage":"en-US","potentialAction":[{"@type":"ReadAction","target":["https:\/\/www.lecomptoirdumiel.com\/en\/produit\/stimulo-systeme-honey-pollen-royal-jelly\/"]}]},{"@type":"ImageObject","inLanguage":"en-US","@id":"https:\/\/www.lecomptoirdumiel.com\/en\/produit\/stimulo-systeme-honey-pollen-royal-jelly\/#primaryimage","url":"https:\/\/www.lecomptoirdumiel.com\/wp-content\/uploads\/2023\/12\/stimulo-systeme-pollen-gelee-royale.png","contentUrl":"https:\/\/www.lecomptoirdumiel.com\/wp-content\/uploads\/2023\/12\/stimulo-systeme-pollen-gelee-royale.png","width":450,"height":600,"caption":"Stimulo-Syst\u00e8me Pollen, Royal Jelly, le Comptoir du Miel"},{"@type":"BreadcrumbList","@id":"https:\/\/www.lecomptoirdumiel.com\/en\/produit\/stimulo-systeme-honey-pollen-royal-jelly\/#breadcrumb","itemListElement":[{"@type":"ListItem","position":1,"name":"Accueil","item":"https:\/\/www.lecomptoirdumiel.com\/en\/home\/"},{"@type":"ListItem","position":2,"name":"Shop","item":"https:\/\/www.lecomptoirdumiel.com\/en\/shop\/"},{"@type":"ListItem","position":3,"name":"Stimulo-Syst\u00e8me Honey, Pollen, Royal Jelly"}]},{"@type":"WebSite","@id":"https:\/\/www.lecomptoirdumiel.com\/en\/#website","url":"https:\/\/www.lecomptoirdumiel.com\/en\/","name":"Le Comptoir du Miel","description":"Miels sauvages de France et du monde depuis 1987","publisher":{"@id":"https:\/\/www.lecomptoirdumiel.com\/en\/#organization"},"potentialAction":[{"@type":"SearchAction","target":{"@type":"EntryPoint","urlTemplate":"https:\/\/www.lecomptoirdumiel.com\/en\/?s={search_term_string}"},"query-input":{"@type":"PropertyValueSpecification","valueRequired":true,"valueName":"search_term_string"}}],"inLanguage":"en-US"},{"@type":"Organization","@id":"https:\/\/www.lecomptoirdumiel.com\/en\/#organization","name":"Le Comptoir du Miel","url":"https:\/\/www.lecomptoirdumiel.com\/en\/","logo":{"@type":"ImageObject","inLanguage":"en-US","@id":"https:\/\/www.lecomptoirdumiel.com\/en\/#\/schema\/logo\/image\/","url":"https:\/\/www.lecomptoirdumiel.com\/wp-content\/uploads\/2021\/11\/logo-site.svg","contentUrl":"https:\/\/www.lecomptoirdumiel.com\/wp-content\/uploads\/2021\/11\/logo-site.svg","width":350,"height":100,"caption":"Le Comptoir du Miel"},"image":{"@id":"https:\/\/www.lecomptoirdumiel.com\/en\/#\/schema\/logo\/image\/"}}]}},"jetpack_publicize_connections":[],"jetpack_sharing_enabled":true,"jetpack_likes_enabled":false,"_links":{"self":[{"href":"https:\/\/www.lecomptoirdumiel.com\/en\/wp-json\/wp\/v2\/product\/17640","targetHints":{"allow":["GET"]}}],"collection":[{"href":"https:\/\/www.lecomptoirdumiel.com\/en\/wp-json\/wp\/v2\/product"}],"about":[{"href":"https:\/\/www.lecomptoirdumiel.com\/en\/wp-json\/wp\/v2\/types\/product"}],"replies":[{"embeddable":true,"href":"https:\/\/www.lecomptoirdumiel.com\/en\/wp-json\/wp\/v2\/comments?post=17640"}],"wp:featuredmedia":[{"embeddable":true,"href":"https:\/\/www.lecomptoirdumiel.com\/en\/wp-json\/wp\/v2\/media\/17498"}],"wp:attachment":[{"href":"https:\/\/www.lecomptoirdumiel.com\/en\/wp-json\/wp\/v2\/media?parent=17640"}],"wp:term":[{"taxonomy":"product_brand","embeddable":true,"href":"https:\/\/www.lecomptoirdumiel.com\/en\/wp-json\/wp\/v2\/product_brand?post=17640"},{"taxonomy":"product_cat","embeddable":true,"href":"https:\/\/www.lecomptoirdumiel.com\/en\/wp-json\/wp\/v2\/product_cat?post=17640"},{"taxonomy":"product_tag","embeddable":true,"href":"https:\/\/www.lecomptoirdumiel.com\/en\/wp-json\/wp\/v2\/product_tag?post=17640"}],"curies":[{"name":"wp","href":"https:\/\/api.w.org\/{rel}","templated":true}]}}