{"id":17635,"date":"2023-08-11T14:43:05","date_gmt":"2023-08-11T12:43:05","guid":{"rendered":"https:\/\/www.lecomptoirdumiel.com\/produit\/honey-and-propolis-hand-cream\/"},"modified":"2025-12-09T15:18:33","modified_gmt":"2025-12-09T14:18:33","slug":"honey-and-propolis-hand-cream","status":"publish","type":"product","link":"https:\/\/www.lecomptoirdumiel.com\/en\/produit\/honey-and-propolis-hand-cream\/","title":{"rendered":"Honey and Propolis Hand Cream"},"content":{"rendered":"<p>This hand cream from the Honey Therapy range is rich in active ingredients: Shea butter is the main ingredient. Almost 20%! Then we find avocado oil <a href=\"https:\/\/www.lecomptoirdumiel.com\/produit\/masque-capillaire\/\"><strong>avocado oil<\/strong> <\/a>which is truly effective on very damaged, dry hands. The <a href=\"https:\/\/www.lecomptoirdumiel.com\/produit\/propoderm-apaisant-et-reparateur\/\"><strong>propolis<\/strong> <\/a>provides a healing and repairing effect. In short, all these ingredients combine to make this cream an indispensable daily product. It is particularly effective on damaged hands, while preserving <a href=\"https:\/\/www.lecomptoirdumiel.com\/produit\/propoderm-apaisant-et-reparateur\/\"><strong>the epidermis<\/strong><\/a>.     <\/p>\n<h3>Dosage :<\/h3>\n<p>Apply a dab of cream morning and evening.<\/p>\n<h4>INCI:<\/h4>\n<p>aqua, Butyrospermum Parkii (shea butter), honey, Cetearyl Alcohol, Glycerin, Pzzrsea Gratissima (Avocado), oil , Glyc\u00e9ryl st\u00e9arate SE, Ur\u00e9a, Ceteareth-20, Propolis Cera, Panth\u00e9nol, Sodium Polyacrylate, Tocopheryl Acatate, Phenoxy\u00e9thanol, Ethylhexylglycerin, Alcool Denat, Parfum.<\/p>\n","protected":false},"excerpt":{"rendered":"<p>Honey Therapy hand cream. Propolis, honey, 20% shea butter and avocado oil give this cream unparalleled effectiveness. <\/p>\n","protected":false},"featured_media":17444,"comment_status":"open","ping_status":"closed","template":"","meta":{"jetpack_publicize_message":"","jetpack_publicize_feature_enabled":true,"jetpack_social_post_already_shared":true,"jetpack_social_options":{"image_generator_settings":{"template":"highway","default_image_id":0,"font":"","enabled":false},"version":2}},"product_brand":[],"product_cat":[257,259],"product_tag":[],"class_list":{"0":"post-17635","1":"product","2":"type-product","3":"status-publish","4":"has-post-thumbnail","6":"product_cat-apitherapy-and-well-being","7":"product_cat-body-care","9":"first","10":"outofstock","11":"taxable","12":"shipping-taxable","13":"purchasable","14":"product-type-simple"},"yoast_head":"<!-- This site is optimized with the Yoast SEO plugin v27.3 - https:\/\/yoast.com\/product\/yoast-seo-wordpress\/ -->\n<title>Honey and propolis hand cream | Lecomptoirdumiel.com<\/title>\n<meta name=\"description\" content=\"A veritable treasure from the beehive, Honey &amp; Propolis Hand Cream guarantees repairing action for dry, damaged hands.\" \/>\n<meta name=\"robots\" content=\"index, follow, max-snippet:-1, max-image-preview:large, max-video-preview:-1\" \/>\n<link rel=\"canonical\" href=\"https:\/\/www.lecomptoirdumiel.com\/en\/produit\/honey-and-propolis-hand-cream\/\" \/>\n<meta property=\"og:locale\" content=\"en_US\" \/>\n<meta property=\"og:type\" content=\"article\" \/>\n<meta property=\"og:title\" content=\"Honey and propolis hand cream | Lecomptoirdumiel.com\" \/>\n<meta property=\"og:description\" content=\"A veritable treasure from the beehive, Honey &amp; Propolis Hand Cream guarantees repairing action for dry, damaged hands.\" \/>\n<meta property=\"og:url\" content=\"https:\/\/www.lecomptoirdumiel.com\/en\/produit\/honey-and-propolis-hand-cream\/\" \/>\n<meta property=\"og:site_name\" content=\"Le Comptoir du Miel\" \/>\n<meta property=\"article:modified_time\" content=\"2025-12-09T14:18:33+00:00\" \/>\n<meta property=\"og:image\" content=\"https:\/\/www.lecomptoirdumiel.com\/wp-content\/uploads\/2023\/08\/hand-cream-honey-propolis.png\" \/>\n\t<meta property=\"og:image:width\" content=\"450\" \/>\n\t<meta property=\"og:image:height\" content=\"600\" \/>\n\t<meta property=\"og:image:type\" content=\"image\/png\" \/>\n<meta name=\"twitter:card\" content=\"summary_large_image\" \/>\n<script type=\"application\/ld+json\" class=\"yoast-schema-graph\">{\"@context\":\"https:\\\/\\\/schema.org\",\"@graph\":[{\"@type\":\"WebPage\",\"@id\":\"https:\\\/\\\/www.lecomptoirdumiel.com\\\/en\\\/produit\\\/honey-and-propolis-hand-cream\\\/\",\"url\":\"https:\\\/\\\/www.lecomptoirdumiel.com\\\/en\\\/produit\\\/honey-and-propolis-hand-cream\\\/\",\"name\":\"Honey and propolis hand cream | Lecomptoirdumiel.com\",\"isPartOf\":{\"@id\":\"https:\\\/\\\/www.lecomptoirdumiel.com\\\/en\\\/#website\"},\"primaryImageOfPage\":{\"@id\":\"https:\\\/\\\/www.lecomptoirdumiel.com\\\/en\\\/produit\\\/honey-and-propolis-hand-cream\\\/#primaryimage\"},\"image\":{\"@id\":\"https:\\\/\\\/www.lecomptoirdumiel.com\\\/en\\\/produit\\\/honey-and-propolis-hand-cream\\\/#primaryimage\"},\"thumbnailUrl\":\"https:\\\/\\\/www.lecomptoirdumiel.com\\\/wp-content\\\/uploads\\\/2023\\\/08\\\/hand-cream-honey-propolis.png\",\"datePublished\":\"2023-08-11T12:43:05+00:00\",\"dateModified\":\"2025-12-09T14:18:33+00:00\",\"description\":\"A veritable treasure from the beehive, Honey & Propolis Hand Cream guarantees repairing action for dry, damaged hands.\",\"breadcrumb\":{\"@id\":\"https:\\\/\\\/www.lecomptoirdumiel.com\\\/en\\\/produit\\\/honey-and-propolis-hand-cream\\\/#breadcrumb\"},\"inLanguage\":\"en-US\",\"potentialAction\":[{\"@type\":\"ReadAction\",\"target\":[\"https:\\\/\\\/www.lecomptoirdumiel.com\\\/en\\\/produit\\\/honey-and-propolis-hand-cream\\\/\"]}]},{\"@type\":\"ImageObject\",\"inLanguage\":\"en-US\",\"@id\":\"https:\\\/\\\/www.lecomptoirdumiel.com\\\/en\\\/produit\\\/honey-and-propolis-hand-cream\\\/#primaryimage\",\"url\":\"https:\\\/\\\/www.lecomptoirdumiel.com\\\/wp-content\\\/uploads\\\/2023\\\/08\\\/hand-cream-honey-propolis.png\",\"contentUrl\":\"https:\\\/\\\/www.lecomptoirdumiel.com\\\/wp-content\\\/uploads\\\/2023\\\/08\\\/hand-cream-honey-propolis.png\",\"width\":450,\"height\":600},{\"@type\":\"BreadcrumbList\",\"@id\":\"https:\\\/\\\/www.lecomptoirdumiel.com\\\/en\\\/produit\\\/honey-and-propolis-hand-cream\\\/#breadcrumb\",\"itemListElement\":[{\"@type\":\"ListItem\",\"position\":1,\"name\":\"Accueil\",\"item\":\"https:\\\/\\\/www.lecomptoirdumiel.com\\\/en\\\/home\\\/\"},{\"@type\":\"ListItem\",\"position\":2,\"name\":\"Shop\",\"item\":\"https:\\\/\\\/www.lecomptoirdumiel.com\\\/en\\\/shop\\\/\"},{\"@type\":\"ListItem\",\"position\":3,\"name\":\"Honey and Propolis Hand Cream\"}]},{\"@type\":\"WebSite\",\"@id\":\"https:\\\/\\\/www.lecomptoirdumiel.com\\\/en\\\/#website\",\"url\":\"https:\\\/\\\/www.lecomptoirdumiel.com\\\/en\\\/\",\"name\":\"Le Comptoir du Miel\",\"description\":\"Miels sauvages de France et du monde depuis 1987\",\"publisher\":{\"@id\":\"https:\\\/\\\/www.lecomptoirdumiel.com\\\/en\\\/#organization\"},\"potentialAction\":[{\"@type\":\"SearchAction\",\"target\":{\"@type\":\"EntryPoint\",\"urlTemplate\":\"https:\\\/\\\/www.lecomptoirdumiel.com\\\/en\\\/?s={search_term_string}\"},\"query-input\":{\"@type\":\"PropertyValueSpecification\",\"valueRequired\":true,\"valueName\":\"search_term_string\"}}],\"inLanguage\":\"en-US\"},{\"@type\":\"Organization\",\"@id\":\"https:\\\/\\\/www.lecomptoirdumiel.com\\\/en\\\/#organization\",\"name\":\"Le Comptoir du Miel\",\"url\":\"https:\\\/\\\/www.lecomptoirdumiel.com\\\/en\\\/\",\"logo\":{\"@type\":\"ImageObject\",\"inLanguage\":\"en-US\",\"@id\":\"https:\\\/\\\/www.lecomptoirdumiel.com\\\/en\\\/#\\\/schema\\\/logo\\\/image\\\/\",\"url\":\"https:\\\/\\\/www.lecomptoirdumiel.com\\\/wp-content\\\/uploads\\\/2021\\\/11\\\/logo-site.svg\",\"contentUrl\":\"https:\\\/\\\/www.lecomptoirdumiel.com\\\/wp-content\\\/uploads\\\/2021\\\/11\\\/logo-site.svg\",\"width\":350,\"height\":100,\"caption\":\"Le Comptoir du Miel\"},\"image\":{\"@id\":\"https:\\\/\\\/www.lecomptoirdumiel.com\\\/en\\\/#\\\/schema\\\/logo\\\/image\\\/\"}}]}<\/script>\n<!-- \/ Yoast SEO plugin. -->","yoast_head_json":{"title":"Honey and propolis hand cream | Lecomptoirdumiel.com","description":"A veritable treasure from the beehive, Honey & Propolis Hand Cream guarantees repairing action for dry, damaged hands.","robots":{"index":"index","follow":"follow","max-snippet":"max-snippet:-1","max-image-preview":"max-image-preview:large","max-video-preview":"max-video-preview:-1"},"canonical":"https:\/\/www.lecomptoirdumiel.com\/en\/produit\/honey-and-propolis-hand-cream\/","og_locale":"en_US","og_type":"article","og_title":"Honey and propolis hand cream | Lecomptoirdumiel.com","og_description":"A veritable treasure from the beehive, Honey & Propolis Hand Cream guarantees repairing action for dry, damaged hands.","og_url":"https:\/\/www.lecomptoirdumiel.com\/en\/produit\/honey-and-propolis-hand-cream\/","og_site_name":"Le Comptoir du Miel","article_modified_time":"2025-12-09T14:18:33+00:00","og_image":[{"width":450,"height":600,"url":"https:\/\/www.lecomptoirdumiel.com\/wp-content\/uploads\/2023\/08\/hand-cream-honey-propolis.png","type":"image\/png"}],"twitter_card":"summary_large_image","schema":{"@context":"https:\/\/schema.org","@graph":[{"@type":"WebPage","@id":"https:\/\/www.lecomptoirdumiel.com\/en\/produit\/honey-and-propolis-hand-cream\/","url":"https:\/\/www.lecomptoirdumiel.com\/en\/produit\/honey-and-propolis-hand-cream\/","name":"Honey and propolis hand cream | Lecomptoirdumiel.com","isPartOf":{"@id":"https:\/\/www.lecomptoirdumiel.com\/en\/#website"},"primaryImageOfPage":{"@id":"https:\/\/www.lecomptoirdumiel.com\/en\/produit\/honey-and-propolis-hand-cream\/#primaryimage"},"image":{"@id":"https:\/\/www.lecomptoirdumiel.com\/en\/produit\/honey-and-propolis-hand-cream\/#primaryimage"},"thumbnailUrl":"https:\/\/www.lecomptoirdumiel.com\/wp-content\/uploads\/2023\/08\/hand-cream-honey-propolis.png","datePublished":"2023-08-11T12:43:05+00:00","dateModified":"2025-12-09T14:18:33+00:00","description":"A veritable treasure from the beehive, Honey & Propolis Hand Cream guarantees repairing action for dry, damaged hands.","breadcrumb":{"@id":"https:\/\/www.lecomptoirdumiel.com\/en\/produit\/honey-and-propolis-hand-cream\/#breadcrumb"},"inLanguage":"en-US","potentialAction":[{"@type":"ReadAction","target":["https:\/\/www.lecomptoirdumiel.com\/en\/produit\/honey-and-propolis-hand-cream\/"]}]},{"@type":"ImageObject","inLanguage":"en-US","@id":"https:\/\/www.lecomptoirdumiel.com\/en\/produit\/honey-and-propolis-hand-cream\/#primaryimage","url":"https:\/\/www.lecomptoirdumiel.com\/wp-content\/uploads\/2023\/08\/hand-cream-honey-propolis.png","contentUrl":"https:\/\/www.lecomptoirdumiel.com\/wp-content\/uploads\/2023\/08\/hand-cream-honey-propolis.png","width":450,"height":600},{"@type":"BreadcrumbList","@id":"https:\/\/www.lecomptoirdumiel.com\/en\/produit\/honey-and-propolis-hand-cream\/#breadcrumb","itemListElement":[{"@type":"ListItem","position":1,"name":"Accueil","item":"https:\/\/www.lecomptoirdumiel.com\/en\/home\/"},{"@type":"ListItem","position":2,"name":"Shop","item":"https:\/\/www.lecomptoirdumiel.com\/en\/shop\/"},{"@type":"ListItem","position":3,"name":"Honey and Propolis Hand Cream"}]},{"@type":"WebSite","@id":"https:\/\/www.lecomptoirdumiel.com\/en\/#website","url":"https:\/\/www.lecomptoirdumiel.com\/en\/","name":"Le Comptoir du Miel","description":"Miels sauvages de France et du monde depuis 1987","publisher":{"@id":"https:\/\/www.lecomptoirdumiel.com\/en\/#organization"},"potentialAction":[{"@type":"SearchAction","target":{"@type":"EntryPoint","urlTemplate":"https:\/\/www.lecomptoirdumiel.com\/en\/?s={search_term_string}"},"query-input":{"@type":"PropertyValueSpecification","valueRequired":true,"valueName":"search_term_string"}}],"inLanguage":"en-US"},{"@type":"Organization","@id":"https:\/\/www.lecomptoirdumiel.com\/en\/#organization","name":"Le Comptoir du Miel","url":"https:\/\/www.lecomptoirdumiel.com\/en\/","logo":{"@type":"ImageObject","inLanguage":"en-US","@id":"https:\/\/www.lecomptoirdumiel.com\/en\/#\/schema\/logo\/image\/","url":"https:\/\/www.lecomptoirdumiel.com\/wp-content\/uploads\/2021\/11\/logo-site.svg","contentUrl":"https:\/\/www.lecomptoirdumiel.com\/wp-content\/uploads\/2021\/11\/logo-site.svg","width":350,"height":100,"caption":"Le Comptoir du Miel"},"image":{"@id":"https:\/\/www.lecomptoirdumiel.com\/en\/#\/schema\/logo\/image\/"}}]}},"jetpack_publicize_connections":[],"jetpack_sharing_enabled":true,"jetpack_likes_enabled":false,"_links":{"self":[{"href":"https:\/\/www.lecomptoirdumiel.com\/en\/wp-json\/wp\/v2\/product\/17635","targetHints":{"allow":["GET"]}}],"collection":[{"href":"https:\/\/www.lecomptoirdumiel.com\/en\/wp-json\/wp\/v2\/product"}],"about":[{"href":"https:\/\/www.lecomptoirdumiel.com\/en\/wp-json\/wp\/v2\/types\/product"}],"replies":[{"embeddable":true,"href":"https:\/\/www.lecomptoirdumiel.com\/en\/wp-json\/wp\/v2\/comments?post=17635"}],"wp:featuredmedia":[{"embeddable":true,"href":"https:\/\/www.lecomptoirdumiel.com\/en\/wp-json\/wp\/v2\/media\/17444"}],"wp:attachment":[{"href":"https:\/\/www.lecomptoirdumiel.com\/en\/wp-json\/wp\/v2\/media?parent=17635"}],"wp:term":[{"taxonomy":"product_brand","embeddable":true,"href":"https:\/\/www.lecomptoirdumiel.com\/en\/wp-json\/wp\/v2\/product_brand?post=17635"},{"taxonomy":"product_cat","embeddable":true,"href":"https:\/\/www.lecomptoirdumiel.com\/en\/wp-json\/wp\/v2\/product_cat?post=17635"},{"taxonomy":"product_tag","embeddable":true,"href":"https:\/\/www.lecomptoirdumiel.com\/en\/wp-json\/wp\/v2\/product_tag?post=17635"}],"curies":[{"name":"wp","href":"https:\/\/api.w.org\/{rel}","templated":true}]}}